{"id":478,"date":"2024-02-02T17:46:06","date_gmt":"2024-02-02T17:46:06","guid":{"rendered":"https:\/\/orelgames.com\/?page_id=478"},"modified":"2024-02-12T14:04:08","modified_gmt":"2024-02-12T14:04:08","slug":"archery-tag","status":"publish","type":"page","link":"https:\/\/orelgames.com\/index.php\/archery-tag\/","title":{"rendered":"Archery tag"},"content":{"rendered":"\t\t<div data-elementor-type=\"wp-page\" data-elementor-id=\"478\" class=\"elementor elementor-478\" data-elementor-post-type=\"page\">\n\t\t\t\t<div data-gcursor=\"{&quot;cursorType&quot;:&quot;icon&quot;,&quot;cssSelector&quot;:&quot;&quot;,&quot;delay&quot;:0.01,&quot;pulse&quot;:&quot;&quot;,&quot;buzz&quot;:&quot;&quot;,&quot;cursorDot&quot;:&quot;&quot;,&quot;magnet&quot;:false,&quot;glass&quot;:&quot;none&quot;,&quot;elementSettings&quot;:{&quot;value&quot;:&quot;&quot;,&quot;library&quot;:&quot;&quot;}}\" data-pa_mobile_disabled=\"\" class=\"elementor-element elementor-element-2c4b65c premium-gCursor-yes elementor-hidden-tablet elementor-hidden-mobile e-con-full e-flex e-con e-parent\" data-id=\"2c4b65c\" data-element_type=\"container\" data-e-type=\"container\" data-settings=\"{&quot;background_background&quot;:&quot;classic&quot;,&quot;premium_global_cursor_switcher&quot;:&quot;yes&quot;,&quot;pa_cursor_icon&quot;:{&quot;value&quot;:&quot;&quot;,&quot;library&quot;:&quot;&quot;},&quot;pa_cursor_type&quot;:&quot;icon&quot;,&quot;cursor_lq_effect&quot;:&quot;none&quot;}\">\n\t\t<div class=\"elementor-element elementor-element-f4a23ad e-con-full e-flex elementor-invisible e-con e-child\" data-id=\"f4a23ad\" data-element_type=\"container\" data-e-type=\"container\" data-settings=\"{&quot;animation&quot;:&quot;slideInLeft&quot;}\">\n\t\t\t\t<div class=\"elementor-element elementor-element-6ea36f6 premium-floating-effects-yes elementor-widget elementor-widget-heading\" data-id=\"6ea36f6\" data-element_type=\"widget\" data-e-type=\"widget\" data-settings=\"{&quot;premium_fe_translate_switcher&quot;:&quot;yes&quot;,&quot;premium_fe_Ytranslate&quot;:{&quot;unit&quot;:&quot;px&quot;,&quot;size&quot;:&quot;&quot;,&quot;sizes&quot;:{&quot;from&quot;:0,&quot;to&quot;:31}},&quot;premium_fe_trans_duration&quot;:{&quot;unit&quot;:&quot;px&quot;,&quot;size&quot;:400,&quot;sizes&quot;:[]},&quot;premium_fe_trigger&quot;:&quot;load&quot;,&quot;premium_fe_Xtranslate&quot;:{&quot;unit&quot;:&quot;px&quot;,&quot;size&quot;:&quot;&quot;,&quot;sizes&quot;:{&quot;from&quot;:0,&quot;to&quot;:5}},&quot;premium_fe_trans_delay&quot;:{&quot;unit&quot;:&quot;px&quot;,&quot;size&quot;:&quot;&quot;,&quot;sizes&quot;:[]},&quot;premium_fe_direction&quot;:&quot;alternate&quot;,&quot;premium_fe_loop&quot;:&quot;default&quot;,&quot;premium_fe_easing&quot;:&quot;easeInOutSine&quot;}\" data-widget_type=\"heading.default\">\n\t\t\t\t<div class=\"elementor-widget-container\">\n\t\t\t\t\t<h1 class=\"elementor-heading-title elementor-size-default\">Archery tag \/ tir \u00e0 l'arc<\/h1>\t\t\t\t<\/div>\n\t\t\t\t<\/div>\n\t\t\t\t<div class=\"elementor-element elementor-element-d9c44c8 elementor-widget elementor-widget-spacer\" data-id=\"d9c44c8\" data-element_type=\"widget\" data-e-type=\"widget\" data-widget_type=\"spacer.default\">\n\t\t\t\t<div class=\"elementor-widget-container\">\n\t\t\t\t\t\t\t<div class=\"elementor-spacer\">\n\t\t\t<div class=\"elementor-spacer-inner\"><\/div>\n\t\t<\/div>\n\t\t\t\t\t\t<\/div>\n\t\t\t\t<\/div>\n\t\t\t\t<div class=\"elementor-element elementor-element-9f17a25 premium-floating-effects-yes elementor-view-default elementor-widget elementor-widget-icon\" data-id=\"9f17a25\" data-element_type=\"widget\" data-e-type=\"widget\" data-settings=\"{&quot;premium_fe_translate_switcher&quot;:&quot;yes&quot;,&quot;premium_fe_Ytranslate&quot;:{&quot;unit&quot;:&quot;px&quot;,&quot;size&quot;:&quot;&quot;,&quot;sizes&quot;:{&quot;from&quot;:0,&quot;to&quot;:31}},&quot;premium_fe_trans_duration&quot;:{&quot;unit&quot;:&quot;px&quot;,&quot;size&quot;:400,&quot;sizes&quot;:[]},&quot;premium_fe_trigger&quot;:&quot;load&quot;,&quot;premium_fe_Xtranslate&quot;:{&quot;unit&quot;:&quot;px&quot;,&quot;size&quot;:&quot;&quot;,&quot;sizes&quot;:{&quot;from&quot;:0,&quot;to&quot;:5}},&quot;premium_fe_trans_delay&quot;:{&quot;unit&quot;:&quot;px&quot;,&quot;size&quot;:&quot;&quot;,&quot;sizes&quot;:[]},&quot;premium_fe_direction&quot;:&quot;alternate&quot;,&quot;premium_fe_loop&quot;:&quot;default&quot;,&quot;premium_fe_easing&quot;:&quot;easeInOutSine&quot;}\" data-widget_type=\"icon.default\">\n\t\t\t\t<div class=\"elementor-widget-container\">\n\t\t\t\t\t\t\t<div class=\"elementor-icon-wrapper\">\n\t\t\t<a class=\"elementor-icon\" href=\"#Archery\">\n\t\t\t<svg aria-hidden=\"true\" class=\"e-font-icon-svg e-fas-arrow-circle-down\" viewBox=\"0 0 512 512\" xmlns=\"http:\/\/www.w3.org\/2000\/svg\"><path d=\"M504 256c0 137-111 248-248 248S8 393 8 256 119 8 256 8s248 111 248 248zm-143.6-28.9L288 302.6V120c0-13.3-10.7-24-24-24h-16c-13.3 0-24 10.7-24 24v182.6l-72.4-75.5c-9.3-9.7-24.8-9.9-34.3-.4l-10.9 11c-9.4 9.4-9.4 24.6 0 33.9L239 404.3c9.4 9.4 24.6 9.4 33.9 0l132.7-132.7c9.4-9.4 9.4-24.6 0-33.9l-10.9-11c-9.5-9.5-25-9.3-34.3.4z\"><\/path><\/svg>\t\t\t<\/a>\n\t\t<\/div>\n\t\t\t\t\t\t<\/div>\n\t\t\t\t<\/div>\n\t\t\t\t<\/div>\n\t\t\t\t<\/div>\n\t\t<div data-gcursor=\"{&quot;cursorType&quot;:&quot;icon&quot;,&quot;cssSelector&quot;:&quot;&quot;,&quot;delay&quot;:0.01,&quot;pulse&quot;:&quot;&quot;,&quot;buzz&quot;:&quot;&quot;,&quot;cursorDot&quot;:&quot;&quot;,&quot;magnet&quot;:false,&quot;glass&quot;:&quot;none&quot;,&quot;elementSettings&quot;:{&quot;value&quot;:&quot;&quot;,&quot;library&quot;:&quot;&quot;}}\" data-pa_mobile_disabled=\"\" class=\"elementor-element elementor-element-e9060d1 premium-gCursor-yes e-con-full elementor-hidden-desktop e-flex e-con e-parent\" data-id=\"e9060d1\" data-element_type=\"container\" data-e-type=\"container\" data-settings=\"{&quot;background_background&quot;:&quot;classic&quot;,&quot;premium_global_cursor_switcher&quot;:&quot;yes&quot;,&quot;pa_cursor_icon&quot;:{&quot;value&quot;:&quot;&quot;,&quot;library&quot;:&quot;&quot;},&quot;pa_cursor_type&quot;:&quot;icon&quot;,&quot;cursor_lq_effect&quot;:&quot;none&quot;}\">\n\t\t<div class=\"elementor-element elementor-element-2b65710 e-con-full e-flex elementor-invisible e-con e-child\" data-id=\"2b65710\" data-element_type=\"container\" data-e-type=\"container\" data-settings=\"{&quot;animation&quot;:&quot;slideInLeft&quot;}\">\n\t\t\t\t<div class=\"elementor-element elementor-element-fbb6dc7 premium-floating-effects-yes elementor-widget elementor-widget-heading\" data-id=\"fbb6dc7\" data-element_type=\"widget\" data-e-type=\"widget\" data-settings=\"{&quot;premium_fe_translate_switcher&quot;:&quot;yes&quot;,&quot;premium_fe_Ytranslate&quot;:{&quot;unit&quot;:&quot;px&quot;,&quot;size&quot;:&quot;&quot;,&quot;sizes&quot;:{&quot;from&quot;:0,&quot;to&quot;:31}},&quot;premium_fe_trans_duration&quot;:{&quot;unit&quot;:&quot;px&quot;,&quot;size&quot;:400,&quot;sizes&quot;:[]},&quot;premium_fe_trigger&quot;:&quot;load&quot;,&quot;premium_fe_Xtranslate&quot;:{&quot;unit&quot;:&quot;px&quot;,&quot;size&quot;:&quot;&quot;,&quot;sizes&quot;:{&quot;from&quot;:0,&quot;to&quot;:5}},&quot;premium_fe_trans_delay&quot;:{&quot;unit&quot;:&quot;px&quot;,&quot;size&quot;:&quot;&quot;,&quot;sizes&quot;:[]},&quot;premium_fe_direction&quot;:&quot;alternate&quot;,&quot;premium_fe_loop&quot;:&quot;default&quot;,&quot;premium_fe_easing&quot;:&quot;easeInOutSine&quot;}\" data-widget_type=\"heading.default\">\n\t\t\t\t<div class=\"elementor-widget-container\">\n\t\t\t\t\t<h1 class=\"elementor-heading-title elementor-size-default\">Archery tag \/ tir \u00e0 l'arc<\/h1>\t\t\t\t<\/div>\n\t\t\t\t<\/div>\n\t\t\t\t<div class=\"elementor-element elementor-element-02a26fa elementor-widget elementor-widget-spacer\" data-id=\"02a26fa\" data-element_type=\"widget\" data-e-type=\"widget\" data-widget_type=\"spacer.default\">\n\t\t\t\t<div class=\"elementor-widget-container\">\n\t\t\t\t\t\t\t<div class=\"elementor-spacer\">\n\t\t\t<div class=\"elementor-spacer-inner\"><\/div>\n\t\t<\/div>\n\t\t\t\t\t\t<\/div>\n\t\t\t\t<\/div>\n\t\t\t\t<div class=\"elementor-element elementor-element-f2a1fe1 premium-floating-effects-yes elementor-view-default elementor-widget elementor-widget-icon\" data-id=\"f2a1fe1\" data-element_type=\"widget\" data-e-type=\"widget\" data-settings=\"{&quot;premium_fe_translate_switcher&quot;:&quot;yes&quot;,&quot;premium_fe_Ytranslate&quot;:{&quot;unit&quot;:&quot;px&quot;,&quot;size&quot;:&quot;&quot;,&quot;sizes&quot;:{&quot;from&quot;:0,&quot;to&quot;:31}},&quot;premium_fe_trans_duration&quot;:{&quot;unit&quot;:&quot;px&quot;,&quot;size&quot;:400,&quot;sizes&quot;:[]},&quot;premium_fe_trigger&quot;:&quot;load&quot;,&quot;premium_fe_Xtranslate&quot;:{&quot;unit&quot;:&quot;px&quot;,&quot;size&quot;:&quot;&quot;,&quot;sizes&quot;:{&quot;from&quot;:0,&quot;to&quot;:5}},&quot;premium_fe_trans_delay&quot;:{&quot;unit&quot;:&quot;px&quot;,&quot;size&quot;:&quot;&quot;,&quot;sizes&quot;:[]},&quot;premium_fe_direction&quot;:&quot;alternate&quot;,&quot;premium_fe_loop&quot;:&quot;default&quot;,&quot;premium_fe_easing&quot;:&quot;easeInOutSine&quot;}\" data-widget_type=\"icon.default\">\n\t\t\t\t<div class=\"elementor-widget-container\">\n\t\t\t\t\t\t\t<div class=\"elementor-icon-wrapper\">\n\t\t\t<a class=\"elementor-icon\" href=\"#Archery\">\n\t\t\t<svg aria-hidden=\"true\" class=\"e-font-icon-svg e-fas-arrow-circle-down\" viewBox=\"0 0 512 512\" xmlns=\"http:\/\/www.w3.org\/2000\/svg\"><path d=\"M504 256c0 137-111 248-248 248S8 393 8 256 119 8 256 8s248 111 248 248zm-143.6-28.9L288 302.6V120c0-13.3-10.7-24-24-24h-16c-13.3 0-24 10.7-24 24v182.6l-72.4-75.5c-9.3-9.7-24.8-9.9-34.3-.4l-10.9 11c-9.4 9.4-9.4 24.6 0 33.9L239 404.3c9.4 9.4 24.6 9.4 33.9 0l132.7-132.7c9.4-9.4 9.4-24.6 0-33.9l-10.9-11c-9.5-9.5-25-9.3-34.3.4z\"><\/path><\/svg>\t\t\t<\/a>\n\t\t<\/div>\n\t\t\t\t\t\t<\/div>\n\t\t\t\t<\/div>\n\t\t\t\t<\/div>\n\t\t\t\t<\/div>\n\t\t<div class=\"elementor-element elementor-element-deaf889 elementor-hidden-tablet elementor-hidden-mobile e-flex e-con-boxed e-con e-parent\" data-id=\"deaf889\" data-element_type=\"container\" data-e-type=\"container\" data-settings=\"{&quot;background_background&quot;:&quot;classic&quot;}\">\n\t\t\t\t\t<div class=\"e-con-inner\">\n\t\t<div class=\"elementor-element elementor-element-eb2ccdf e-con-full e-flex e-con e-child\" data-id=\"eb2ccdf\" data-element_type=\"container\" data-e-type=\"container\">\n\t\t\t\t<div class=\"elementor-element elementor-element-75a033f elementor-widget elementor-widget-heading\" data-id=\"75a033f\" data-element_type=\"widget\" data-e-type=\"widget\" data-widget_type=\"heading.default\">\n\t\t\t\t<div class=\"elementor-widget-container\">\n\t\t\t\t\t<h2 class=\"elementor-heading-title elementor-size-default\">\u00c0 partir de 8 ans <\/h2>\t\t\t\t<\/div>\n\t\t\t\t<\/div>\n\t\t\t\t<div class=\"elementor-element elementor-element-3a0dcb1 elementor-widget elementor-widget-menu-anchor\" data-id=\"3a0dcb1\" data-element_type=\"widget\" data-e-type=\"widget\" data-widget_type=\"menu-anchor.default\">\n\t\t\t\t<div class=\"elementor-widget-container\">\n\t\t\t\t\t\t\t<div class=\"elementor-menu-anchor\" id=\"Archery\"><\/div>\n\t\t\t\t\t\t<\/div>\n\t\t\t\t<\/div>\n\t\t\t\t<div class=\"elementor-element elementor-element-f6fb5e8 elementor-widget elementor-widget-text-editor\" data-id=\"f6fb5e8\" data-element_type=\"widget\" data-e-type=\"widget\" data-widget_type=\"text-editor.default\">\n\t\t\t\t<div class=\"elementor-widget-container\">\n\t\t\t\t\t\t\t\t\t<p>Activit\u00e9 ludique et strat\u00e9gique. Il s\u2019agit d\u2019un sport entre le paintball, la balle au prisonnier et le tir \u00e0 l\u2019arc. Alors, \u00e9quipez vous d\u2019un masque et d\u2019un arc puis participez \u00e0 une partie \u00ab d\u2019arc prisonnier \u00bb !!<\/p><p>Le principe du jeu est tr\u00e8s simple deux \u00e9quipes s\u2019affrontent sur un terrain parsem\u00e9 d\u2019obstacles. Les deux \u00e9quipes d\u00e9marrent \u00e0 chaque extr\u00e9mit\u00e9 du terrain, des fl\u00e8ches (totalement s\u00e9curis\u00e9es avec un embout en mousse) sont dispos\u00e9es par l\u2019arbitre au centre du terrain. Chacun des joueurs doit alors poser son arc au sol et au coup de sifflet se pr\u00e9cipiter pour ramasser un maximum de fl\u00e8ches et repartir dans son camp pour r\u00e9cup\u00e9rer son arc. Une fois celui-ci r\u00e9cup\u00e9r\u00e9 il vous faudra :<\/p><p>&#8211; Soit en mode de jeu \u00e9liminatoire \u00e9liminer un maximum de vos adversaires\u2026 A chaque fl\u00e8che rattrap\u00e9e au vol, vous pouvez refaire jouer un membre \u00ab \u00e9limin\u00e9 \u00bb de votre \u00e9quipe. L\u2019\u00e9quipe ayant le plus de joueurs sera d\u00e9clar\u00e9e vainqueur.<\/p><p>&#8211; Soit en mode de jeu comptage de point : les joueurs restent en jeu ; chaque adversaires touch\u00e9s, chaque fl\u00e8che rattrap\u00e9e au vol, fait remporter un certain nombre de point. L\u2019\u00e9quipe qui comptabilise le plus grand nombre de point sera d\u00e9clar\u00e9e vainqueur.<\/p><p>Infos pratiques : l\u2019archery tag se pratique jusqu&rsquo;\u00e0 10 joueurs simultan\u00e9ment. Pr\u00e9voir une tenue confortable et des chaussures de sport.<\/p>\t\t\t\t\t\t\t\t<\/div>\n\t\t\t\t<\/div>\n\t\t\t\t<\/div>\n\t\t<div class=\"elementor-element elementor-element-d381c6f e-con-full e-flex e-con e-child\" data-id=\"d381c6f\" data-element_type=\"container\" data-e-type=\"container\">\n\t\t\t\t<div class=\"elementor-element elementor-element-c9b3c9d elementor-widget elementor-widget-image\" data-id=\"c9b3c9d\" data-element_type=\"widget\" data-e-type=\"widget\" data-widget_type=\"image.default\">\n\t\t\t\t<div class=\"elementor-widget-container\">\n\t\t\t\t\t\t\t\t\t\t\t\t\t\t\t<img fetchpriority=\"high\" decoding=\"async\" width=\"370\" height=\"261\" src=\"https:\/\/orelgames.com\/wp-content\/uploads\/2024\/02\/P1110046-1600x1200-1-370x261-1.jpg\" class=\"attachment-full size-full wp-image-314\" alt=\"archery tag \/ tir \u00e0 l&#039;arc vezeronce\" srcset=\"https:\/\/orelgames.com\/wp-content\/uploads\/2024\/02\/P1110046-1600x1200-1-370x261-1.jpg.webp 370w, https:\/\/orelgames.com\/wp-content\/uploads\/2024\/02\/P1110046-1600x1200-1-370x261-1-300x212.jpg.webp 300w\" sizes=\"(max-width: 370px) 100vw, 370px\" \/>\t\t\t\t\t\t\t\t\t\t\t\t\t\t\t<\/div>\n\t\t\t\t<\/div>\n\t\t\t\t<div class=\"elementor-element elementor-element-fb51dc7 elementor-widget elementor-widget-image\" data-id=\"fb51dc7\" data-element_type=\"widget\" data-e-type=\"widget\" data-widget_type=\"image.default\">\n\t\t\t\t<div class=\"elementor-widget-container\">\n\t\t\t\t\t\t\t\t\t\t\t\t\t\t\t<img decoding=\"async\" width=\"1920\" height=\"1283\" src=\"https:\/\/orelgames.com\/wp-content\/uploads\/2024\/02\/P1100847.jpg\" class=\"attachment-full size-full wp-image-298\" alt=\"\" srcset=\"https:\/\/orelgames.com\/wp-content\/uploads\/2024\/02\/P1100847.jpg.webp 1920w, https:\/\/orelgames.com\/wp-content\/uploads\/2024\/02\/P1100847-300x200.jpg.webp 300w, https:\/\/orelgames.com\/wp-content\/uploads\/2024\/02\/P1100847-1024x684.jpg.webp 1024w, https:\/\/orelgames.com\/wp-content\/uploads\/2024\/02\/P1100847-768x513.jpg.webp 768w, https:\/\/orelgames.com\/wp-content\/uploads\/2024\/02\/P1100847-1536x1026.jpg.webp 1536w\" sizes=\"(max-width: 1920px) 100vw, 1920px\" \/>\t\t\t\t\t\t\t\t\t\t\t\t\t\t\t<\/div>\n\t\t\t\t<\/div>\n\t\t\t\t<div class=\"elementor-element elementor-element-75238ad elementor-align-center elementor-widget elementor-widget-button\" data-id=\"75238ad\" data-element_type=\"widget\" data-e-type=\"widget\" data-widget_type=\"button.default\">\n\t\t\t\t<div class=\"elementor-widget-container\">\n\t\t\t\t\t\t\t\t\t<div class=\"elementor-button-wrapper\">\n\t\t\t\t\t<a class=\"elementor-button elementor-button-link elementor-size-sm\" href=\"https:\/\/orelgames.com\/index.php\/contact\/\">\n\t\t\t\t\t\t<span class=\"elementor-button-content-wrapper\">\n\t\t\t\t\t\t\t\t\t<span class=\"elementor-button-text\">R\u00e9server<\/span>\n\t\t\t\t\t<\/span>\n\t\t\t\t\t<\/a>\n\t\t\t\t<\/div>\n\t\t\t\t\t\t\t\t<\/div>\n\t\t\t\t<\/div>\n\t\t\t\t<\/div>\n\t\t\t\t\t<\/div>\n\t\t\t\t<\/div>\n\t\t<div class=\"elementor-element elementor-element-dad659f elementor-hidden-desktop e-flex e-con-boxed e-con e-parent\" data-id=\"dad659f\" data-element_type=\"container\" data-e-type=\"container\" data-settings=\"{&quot;background_background&quot;:&quot;classic&quot;}\">\n\t\t\t\t\t<div class=\"e-con-inner\">\n\t\t<div class=\"elementor-element elementor-element-0b75e23 e-con-full e-flex e-con e-child\" data-id=\"0b75e23\" data-element_type=\"container\" data-e-type=\"container\">\n\t\t\t\t<div class=\"elementor-element elementor-element-718d7f4 elementor-widget elementor-widget-heading\" data-id=\"718d7f4\" data-element_type=\"widget\" data-e-type=\"widget\" data-widget_type=\"heading.default\">\n\t\t\t\t<div class=\"elementor-widget-container\">\n\t\t\t\t\t<h2 class=\"elementor-heading-title elementor-size-default\">\u00c0 partir de 8 ans <\/h2>\t\t\t\t<\/div>\n\t\t\t\t<\/div>\n\t\t\t\t<div class=\"elementor-element elementor-element-544b9a5 elementor-widget elementor-widget-menu-anchor\" data-id=\"544b9a5\" data-element_type=\"widget\" data-e-type=\"widget\" data-widget_type=\"menu-anchor.default\">\n\t\t\t\t<div class=\"elementor-widget-container\">\n\t\t\t\t\t\t\t<div class=\"elementor-menu-anchor\" id=\"Archery\"><\/div>\n\t\t\t\t\t\t<\/div>\n\t\t\t\t<\/div>\n\t\t\t\t<div class=\"elementor-element elementor-element-15b3a86 elementor-widget elementor-widget-text-editor\" data-id=\"15b3a86\" data-element_type=\"widget\" data-e-type=\"widget\" data-widget_type=\"text-editor.default\">\n\t\t\t\t<div class=\"elementor-widget-container\">\n\t\t\t\t\t\t\t\t\t<p>Activit\u00e9 ludique et strat\u00e9gique. Il s\u2019agit d\u2019un sport entre le paintball, la balle au prisonnier et le tir \u00e0 l\u2019arc. Alors, \u00e9quipez vous d\u2019un masque et d\u2019un arc puis participez \u00e0 une partie \u00ab d\u2019arc prisonnier \u00bb !!<\/p><p>Le principe du jeu est tr\u00e8s simple deux \u00e9quipes s\u2019affrontent sur un terrain parsem\u00e9 d\u2019obstacles. Les deux \u00e9quipes d\u00e9marrent \u00e0 chaque extr\u00e9mit\u00e9 du terrain, des fl\u00e8ches (totalement s\u00e9curis\u00e9es avec un embout en mousse) sont dispos\u00e9es par l\u2019arbitre au centre du terrain. Chacun des joueurs doit alors poser son arc au sol et au coup de sifflet se pr\u00e9cipiter pour ramasser un maximum de fl\u00e8ches et repartir dans son camp pour r\u00e9cup\u00e9rer son arc. Une fois celui-ci r\u00e9cup\u00e9r\u00e9 il vous faudra :<\/p><p>&#8211; Soit en mode de jeu \u00e9liminatoire \u00e9liminer un maximum de vos adversaires\u2026 A chaque fl\u00e8che rattrap\u00e9e au vol, vous pouvez refaire jouer un membre \u00ab \u00e9limin\u00e9 \u00bb de votre \u00e9quipe. L\u2019\u00e9quipe ayant le plus de joueurs sera d\u00e9clar\u00e9e vainqueur.<\/p><p>&#8211; Soit en mode de jeu comptage de point : les joueurs restent en jeu ; chaque adversaires touch\u00e9s, chaque fl\u00e8che rattrap\u00e9e au vol, fait remporter un certain nombre de point. L\u2019\u00e9quipe qui comptabilise le plus grand nombre de point sera d\u00e9clar\u00e9e vainqueur.<\/p><p>Infos pratiques : l\u2019archery tag se pratique jusqu&rsquo;\u00e0 10 joueurs simultan\u00e9ment. Pr\u00e9voir une tenue confortable et des chaussures de sport.<\/p>\t\t\t\t\t\t\t\t<\/div>\n\t\t\t\t<\/div>\n\t\t\t\t<\/div>\n\t\t<div class=\"elementor-element elementor-element-de2eb33 e-con-full e-flex e-con e-child\" data-id=\"de2eb33\" data-element_type=\"container\" data-e-type=\"container\">\n\t\t\t\t<div class=\"elementor-element elementor-element-6030785 elementor-widget elementor-widget-image\" data-id=\"6030785\" data-element_type=\"widget\" data-e-type=\"widget\" data-widget_type=\"image.default\">\n\t\t\t\t<div class=\"elementor-widget-container\">\n\t\t\t\t\t\t\t\t\t\t\t\t\t\t\t<img fetchpriority=\"high\" decoding=\"async\" width=\"370\" height=\"261\" src=\"https:\/\/orelgames.com\/wp-content\/uploads\/2024\/02\/P1110046-1600x1200-1-370x261-1.jpg\" class=\"attachment-full size-full wp-image-314\" alt=\"archery tag \/ tir \u00e0 l&#039;arc vezeronce\" srcset=\"https:\/\/orelgames.com\/wp-content\/uploads\/2024\/02\/P1110046-1600x1200-1-370x261-1.jpg.webp 370w, https:\/\/orelgames.com\/wp-content\/uploads\/2024\/02\/P1110046-1600x1200-1-370x261-1-300x212.jpg.webp 300w\" sizes=\"(max-width: 370px) 100vw, 370px\" \/>\t\t\t\t\t\t\t\t\t\t\t\t\t\t\t<\/div>\n\t\t\t\t<\/div>\n\t\t\t\t<div class=\"elementor-element elementor-element-eed5c0a elementor-widget elementor-widget-spacer\" data-id=\"eed5c0a\" data-element_type=\"widget\" data-e-type=\"widget\" data-widget_type=\"spacer.default\">\n\t\t\t\t<div class=\"elementor-widget-container\">\n\t\t\t\t\t\t\t<div class=\"elementor-spacer\">\n\t\t\t<div class=\"elementor-spacer-inner\"><\/div>\n\t\t<\/div>\n\t\t\t\t\t\t<\/div>\n\t\t\t\t<\/div>\n\t\t\t\t<div class=\"elementor-element elementor-element-6f538e2 elementor-widget elementor-widget-image\" data-id=\"6f538e2\" data-element_type=\"widget\" data-e-type=\"widget\" data-widget_type=\"image.default\">\n\t\t\t\t<div class=\"elementor-widget-container\">\n\t\t\t\t\t\t\t\t\t\t\t\t\t\t\t<img decoding=\"async\" width=\"1920\" height=\"1283\" src=\"https:\/\/orelgames.com\/wp-content\/uploads\/2024\/02\/P1100847.jpg\" class=\"attachment-full size-full wp-image-298\" alt=\"\" srcset=\"https:\/\/orelgames.com\/wp-content\/uploads\/2024\/02\/P1100847.jpg.webp 1920w, https:\/\/orelgames.com\/wp-content\/uploads\/2024\/02\/P1100847-300x200.jpg.webp 300w, https:\/\/orelgames.com\/wp-content\/uploads\/2024\/02\/P1100847-1024x684.jpg.webp 1024w, https:\/\/orelgames.com\/wp-content\/uploads\/2024\/02\/P1100847-768x513.jpg.webp 768w, https:\/\/orelgames.com\/wp-content\/uploads\/2024\/02\/P1100847-1536x1026.jpg.webp 1536w\" sizes=\"(max-width: 1920px) 100vw, 1920px\" \/>\t\t\t\t\t\t\t\t\t\t\t\t\t\t\t<\/div>\n\t\t\t\t<\/div>\n\t\t\t\t<div class=\"elementor-element elementor-element-bd8b4a9 elementor-widget elementor-widget-spacer\" data-id=\"bd8b4a9\" data-element_type=\"widget\" data-e-type=\"widget\" data-widget_type=\"spacer.default\">\n\t\t\t\t<div class=\"elementor-widget-container\">\n\t\t\t\t\t\t\t<div class=\"elementor-spacer\">\n\t\t\t<div class=\"elementor-spacer-inner\"><\/div>\n\t\t<\/div>\n\t\t\t\t\t\t<\/div>\n\t\t\t\t<\/div>\n\t\t\t\t<div class=\"elementor-element elementor-element-aa5ee34 elementor-align-center elementor-widget elementor-widget-button\" data-id=\"aa5ee34\" data-element_type=\"widget\" data-e-type=\"widget\" data-widget_type=\"button.default\">\n\t\t\t\t<div class=\"elementor-widget-container\">\n\t\t\t\t\t\t\t\t\t<div class=\"elementor-button-wrapper\">\n\t\t\t\t\t<a class=\"elementor-button elementor-button-link elementor-size-sm\" href=\"https:\/\/orelgames.com\/index.php\/contact\/\">\n\t\t\t\t\t\t<span class=\"elementor-button-content-wrapper\">\n\t\t\t\t\t\t\t\t\t<span class=\"elementor-button-text\">R\u00e9server<\/span>\n\t\t\t\t\t<\/span>\n\t\t\t\t\t<\/a>\n\t\t\t\t<\/div>\n\t\t\t\t\t\t\t\t<\/div>\n\t\t\t\t<\/div>\n\t\t\t\t<\/div>\n\t\t\t\t\t<\/div>\n\t\t\t\t<\/div>\n\t\t\t\t<\/div>\n\t\t","protected":false},"excerpt":{"rendered":"<p>Archery tag \/ tir \u00e0 l&rsquo;arc \u00a0 Archery tag \/ tir \u00e0 l&rsquo;arc \u00a0 \u00c0 partir de 8 ans Activit\u00e9 ludique et strat\u00e9gique. Il s\u2019agit d\u2019un sport entre le paintball, la balle au prisonnier et le tir \u00e0 l\u2019arc. Alors, \u00e9quipez vous d\u2019un masque et d\u2019un arc puis participez \u00e0 une partie \u00ab d\u2019arc prisonnier [&hellip;]<\/p>\n","protected":false},"author":1,"featured_media":0,"parent":0,"menu_order":0,"comment_status":"closed","ping_status":"closed","template":"","meta":{"footnotes":""},"class_list":["post-478","page","type-page","status-publish","hentry"],"aioseo_notices":[],"_links":{"self":[{"href":"https:\/\/orelgames.com\/index.php\/wp-json\/wp\/v2\/pages\/478","targetHints":{"allow":["GET"]}}],"collection":[{"href":"https:\/\/orelgames.com\/index.php\/wp-json\/wp\/v2\/pages"}],"about":[{"href":"https:\/\/orelgames.com\/index.php\/wp-json\/wp\/v2\/types\/page"}],"author":[{"embeddable":true,"href":"https:\/\/orelgames.com\/index.php\/wp-json\/wp\/v2\/users\/1"}],"replies":[{"embeddable":true,"href":"https:\/\/orelgames.com\/index.php\/wp-json\/wp\/v2\/comments?post=478"}],"version-history":[{"count":0,"href":"https:\/\/orelgames.com\/index.php\/wp-json\/wp\/v2\/pages\/478\/revisions"}],"wp:attachment":[{"href":"https:\/\/orelgames.com\/index.php\/wp-json\/wp\/v2\/media?parent=478"}],"curies":[{"name":"wp","href":"https:\/\/api.w.org\/{rel}","templated":true}]}}