{"id":484,"date":"2024-02-02T17:47:43","date_gmt":"2024-02-02T17:47:43","guid":{"rendered":"https:\/\/orelgames.com\/?page_id=484"},"modified":"2024-02-15T17:07:58","modified_gmt":"2024-02-15T17:07:58","slug":"bubbles-2","status":"publish","type":"page","link":"https:\/\/orelgames.com\/index.php\/bubbles-2\/","title":{"rendered":"Bubbles"},"content":{"rendered":"\t\t<div data-elementor-type=\"wp-page\" data-elementor-id=\"484\" class=\"elementor elementor-484\" data-elementor-post-type=\"page\">\n\t\t\t\t<div data-gcursor=\"{&quot;cursorType&quot;:&quot;icon&quot;,&quot;cssSelector&quot;:&quot;&quot;,&quot;delay&quot;:0.01,&quot;pulse&quot;:&quot;&quot;,&quot;buzz&quot;:&quot;&quot;,&quot;cursorDot&quot;:&quot;&quot;,&quot;magnet&quot;:false,&quot;glass&quot;:&quot;none&quot;,&quot;elementSettings&quot;:{&quot;value&quot;:&quot;&quot;,&quot;library&quot;:&quot;&quot;}}\" data-pa_mobile_disabled=\"\" class=\"elementor-element elementor-element-5281f74b premium-gCursor-yes elementor-hidden-tablet elementor-hidden-mobile e-con-full e-flex e-con e-parent\" data-id=\"5281f74b\" data-element_type=\"container\" data-e-type=\"container\" data-settings=\"{&quot;background_background&quot;:&quot;classic&quot;,&quot;premium_global_cursor_switcher&quot;:&quot;yes&quot;,&quot;pa_cursor_icon&quot;:{&quot;value&quot;:&quot;&quot;,&quot;library&quot;:&quot;&quot;},&quot;pa_cursor_type&quot;:&quot;icon&quot;,&quot;cursor_lq_effect&quot;:&quot;none&quot;}\">\n\t\t<div class=\"elementor-element elementor-element-533fe82b e-con-full e-flex elementor-invisible e-con e-child\" data-id=\"533fe82b\" data-element_type=\"container\" data-e-type=\"container\" data-settings=\"{&quot;animation&quot;:&quot;slideInLeft&quot;}\">\n\t\t\t\t<div class=\"elementor-element elementor-element-234f2f79 premium-floating-effects-yes elementor-widget elementor-widget-heading\" data-id=\"234f2f79\" data-element_type=\"widget\" data-e-type=\"widget\" data-settings=\"{&quot;premium_fe_translate_switcher&quot;:&quot;yes&quot;,&quot;premium_fe_Ytranslate&quot;:{&quot;unit&quot;:&quot;px&quot;,&quot;size&quot;:&quot;&quot;,&quot;sizes&quot;:{&quot;from&quot;:0,&quot;to&quot;:31}},&quot;premium_fe_trans_duration&quot;:{&quot;unit&quot;:&quot;px&quot;,&quot;size&quot;:400,&quot;sizes&quot;:[]},&quot;premium_fe_trigger&quot;:&quot;load&quot;,&quot;premium_fe_Xtranslate&quot;:{&quot;unit&quot;:&quot;px&quot;,&quot;size&quot;:&quot;&quot;,&quot;sizes&quot;:{&quot;from&quot;:0,&quot;to&quot;:5}},&quot;premium_fe_trans_delay&quot;:{&quot;unit&quot;:&quot;px&quot;,&quot;size&quot;:&quot;&quot;,&quot;sizes&quot;:[]},&quot;premium_fe_direction&quot;:&quot;alternate&quot;,&quot;premium_fe_loop&quot;:&quot;default&quot;,&quot;premium_fe_easing&quot;:&quot;easeInOutSine&quot;}\" data-widget_type=\"heading.default\">\n\t\t\t\t<div class=\"elementor-widget-container\">\n\t\t\t\t\t<h1 class=\"elementor-heading-title elementor-size-default\">Bubbles<\/h1>\t\t\t\t<\/div>\n\t\t\t\t<\/div>\n\t\t\t\t<div class=\"elementor-element elementor-element-59b58c59 elementor-widget elementor-widget-spacer\" data-id=\"59b58c59\" data-element_type=\"widget\" data-e-type=\"widget\" data-widget_type=\"spacer.default\">\n\t\t\t\t<div class=\"elementor-widget-container\">\n\t\t\t\t\t\t\t<div class=\"elementor-spacer\">\n\t\t\t<div class=\"elementor-spacer-inner\"><\/div>\n\t\t<\/div>\n\t\t\t\t\t\t<\/div>\n\t\t\t\t<\/div>\n\t\t\t\t<div class=\"elementor-element elementor-element-2fed111f premium-floating-effects-yes elementor-view-default elementor-widget elementor-widget-icon\" data-id=\"2fed111f\" data-element_type=\"widget\" data-e-type=\"widget\" data-settings=\"{&quot;premium_fe_translate_switcher&quot;:&quot;yes&quot;,&quot;premium_fe_Ytranslate&quot;:{&quot;unit&quot;:&quot;px&quot;,&quot;size&quot;:&quot;&quot;,&quot;sizes&quot;:{&quot;from&quot;:0,&quot;to&quot;:31}},&quot;premium_fe_trans_duration&quot;:{&quot;unit&quot;:&quot;px&quot;,&quot;size&quot;:400,&quot;sizes&quot;:[]},&quot;premium_fe_trigger&quot;:&quot;load&quot;,&quot;premium_fe_Xtranslate&quot;:{&quot;unit&quot;:&quot;px&quot;,&quot;size&quot;:&quot;&quot;,&quot;sizes&quot;:{&quot;from&quot;:0,&quot;to&quot;:5}},&quot;premium_fe_trans_delay&quot;:{&quot;unit&quot;:&quot;px&quot;,&quot;size&quot;:&quot;&quot;,&quot;sizes&quot;:[]},&quot;premium_fe_direction&quot;:&quot;alternate&quot;,&quot;premium_fe_loop&quot;:&quot;default&quot;,&quot;premium_fe_easing&quot;:&quot;easeInOutSine&quot;}\" data-widget_type=\"icon.default\">\n\t\t\t\t<div class=\"elementor-widget-container\">\n\t\t\t\t\t\t\t<div class=\"elementor-icon-wrapper\">\n\t\t\t<a class=\"elementor-icon\" href=\"#Archery\">\n\t\t\t<svg aria-hidden=\"true\" class=\"e-font-icon-svg e-fas-arrow-circle-down\" viewBox=\"0 0 512 512\" xmlns=\"http:\/\/www.w3.org\/2000\/svg\"><path d=\"M504 256c0 137-111 248-248 248S8 393 8 256 119 8 256 8s248 111 248 248zm-143.6-28.9L288 302.6V120c0-13.3-10.7-24-24-24h-16c-13.3 0-24 10.7-24 24v182.6l-72.4-75.5c-9.3-9.7-24.8-9.9-34.3-.4l-10.9 11c-9.4 9.4-9.4 24.6 0 33.9L239 404.3c9.4 9.4 24.6 9.4 33.9 0l132.7-132.7c9.4-9.4 9.4-24.6 0-33.9l-10.9-11c-9.5-9.5-25-9.3-34.3.4z\"><\/path><\/svg>\t\t\t<\/a>\n\t\t<\/div>\n\t\t\t\t\t\t<\/div>\n\t\t\t\t<\/div>\n\t\t\t\t<\/div>\n\t\t\t\t<\/div>\n\t\t<div data-gcursor=\"{&quot;cursorType&quot;:&quot;icon&quot;,&quot;cssSelector&quot;:&quot;&quot;,&quot;delay&quot;:0.01,&quot;pulse&quot;:&quot;&quot;,&quot;buzz&quot;:&quot;&quot;,&quot;cursorDot&quot;:&quot;&quot;,&quot;magnet&quot;:false,&quot;glass&quot;:&quot;none&quot;,&quot;elementSettings&quot;:{&quot;value&quot;:&quot;&quot;,&quot;library&quot;:&quot;&quot;}}\" data-pa_mobile_disabled=\"\" class=\"elementor-element elementor-element-5d459c19 premium-gCursor-yes e-con-full elementor-hidden-desktop e-flex e-con e-parent\" data-id=\"5d459c19\" data-element_type=\"container\" data-e-type=\"container\" data-settings=\"{&quot;background_background&quot;:&quot;classic&quot;,&quot;premium_global_cursor_switcher&quot;:&quot;yes&quot;,&quot;pa_cursor_icon&quot;:{&quot;value&quot;:&quot;&quot;,&quot;library&quot;:&quot;&quot;},&quot;pa_cursor_type&quot;:&quot;icon&quot;,&quot;cursor_lq_effect&quot;:&quot;none&quot;}\">\n\t\t<div class=\"elementor-element elementor-element-10e6373 e-con-full e-flex elementor-invisible e-con e-child\" data-id=\"10e6373\" data-element_type=\"container\" data-e-type=\"container\" data-settings=\"{&quot;animation&quot;:&quot;slideInLeft&quot;}\">\n\t\t\t\t<div class=\"elementor-element elementor-element-39b12246 premium-floating-effects-yes elementor-widget elementor-widget-heading\" data-id=\"39b12246\" data-element_type=\"widget\" data-e-type=\"widget\" data-settings=\"{&quot;premium_fe_translate_switcher&quot;:&quot;yes&quot;,&quot;premium_fe_Ytranslate&quot;:{&quot;unit&quot;:&quot;px&quot;,&quot;size&quot;:&quot;&quot;,&quot;sizes&quot;:{&quot;from&quot;:0,&quot;to&quot;:31}},&quot;premium_fe_trans_duration&quot;:{&quot;unit&quot;:&quot;px&quot;,&quot;size&quot;:400,&quot;sizes&quot;:[]},&quot;premium_fe_trigger&quot;:&quot;load&quot;,&quot;premium_fe_Xtranslate&quot;:{&quot;unit&quot;:&quot;px&quot;,&quot;size&quot;:&quot;&quot;,&quot;sizes&quot;:{&quot;from&quot;:0,&quot;to&quot;:5}},&quot;premium_fe_trans_delay&quot;:{&quot;unit&quot;:&quot;px&quot;,&quot;size&quot;:&quot;&quot;,&quot;sizes&quot;:[]},&quot;premium_fe_direction&quot;:&quot;alternate&quot;,&quot;premium_fe_loop&quot;:&quot;default&quot;,&quot;premium_fe_easing&quot;:&quot;easeInOutSine&quot;}\" data-widget_type=\"heading.default\">\n\t\t\t\t<div class=\"elementor-widget-container\">\n\t\t\t\t\t<h1 class=\"elementor-heading-title elementor-size-default\">Bubbles<\/h1>\t\t\t\t<\/div>\n\t\t\t\t<\/div>\n\t\t\t\t<div class=\"elementor-element elementor-element-f847c96 elementor-widget elementor-widget-spacer\" data-id=\"f847c96\" data-element_type=\"widget\" data-e-type=\"widget\" data-widget_type=\"spacer.default\">\n\t\t\t\t<div class=\"elementor-widget-container\">\n\t\t\t\t\t\t\t<div class=\"elementor-spacer\">\n\t\t\t<div class=\"elementor-spacer-inner\"><\/div>\n\t\t<\/div>\n\t\t\t\t\t\t<\/div>\n\t\t\t\t<\/div>\n\t\t\t\t<div class=\"elementor-element elementor-element-6d4c2da2 premium-floating-effects-yes elementor-view-default elementor-widget elementor-widget-icon\" data-id=\"6d4c2da2\" data-element_type=\"widget\" data-e-type=\"widget\" data-settings=\"{&quot;premium_fe_translate_switcher&quot;:&quot;yes&quot;,&quot;premium_fe_Ytranslate&quot;:{&quot;unit&quot;:&quot;px&quot;,&quot;size&quot;:&quot;&quot;,&quot;sizes&quot;:{&quot;from&quot;:0,&quot;to&quot;:31}},&quot;premium_fe_trans_duration&quot;:{&quot;unit&quot;:&quot;px&quot;,&quot;size&quot;:400,&quot;sizes&quot;:[]},&quot;premium_fe_trigger&quot;:&quot;load&quot;,&quot;premium_fe_Xtranslate&quot;:{&quot;unit&quot;:&quot;px&quot;,&quot;size&quot;:&quot;&quot;,&quot;sizes&quot;:{&quot;from&quot;:0,&quot;to&quot;:5}},&quot;premium_fe_trans_delay&quot;:{&quot;unit&quot;:&quot;px&quot;,&quot;size&quot;:&quot;&quot;,&quot;sizes&quot;:[]},&quot;premium_fe_direction&quot;:&quot;alternate&quot;,&quot;premium_fe_loop&quot;:&quot;default&quot;,&quot;premium_fe_easing&quot;:&quot;easeInOutSine&quot;}\" data-widget_type=\"icon.default\">\n\t\t\t\t<div class=\"elementor-widget-container\">\n\t\t\t\t\t\t\t<div class=\"elementor-icon-wrapper\">\n\t\t\t<a class=\"elementor-icon\" href=\"#Archery\">\n\t\t\t<svg aria-hidden=\"true\" class=\"e-font-icon-svg e-fas-arrow-circle-down\" viewBox=\"0 0 512 512\" xmlns=\"http:\/\/www.w3.org\/2000\/svg\"><path d=\"M504 256c0 137-111 248-248 248S8 393 8 256 119 8 256 8s248 111 248 248zm-143.6-28.9L288 302.6V120c0-13.3-10.7-24-24-24h-16c-13.3 0-24 10.7-24 24v182.6l-72.4-75.5c-9.3-9.7-24.8-9.9-34.3-.4l-10.9 11c-9.4 9.4-9.4 24.6 0 33.9L239 404.3c9.4 9.4 24.6 9.4 33.9 0l132.7-132.7c9.4-9.4 9.4-24.6 0-33.9l-10.9-11c-9.5-9.5-25-9.3-34.3.4z\"><\/path><\/svg>\t\t\t<\/a>\n\t\t<\/div>\n\t\t\t\t\t\t<\/div>\n\t\t\t\t<\/div>\n\t\t\t\t<\/div>\n\t\t\t\t<\/div>\n\t\t<div class=\"elementor-element elementor-element-289f7de elementor-hidden-tablet elementor-hidden-mobile e-flex e-con-boxed e-con e-parent\" data-id=\"289f7de\" data-element_type=\"container\" data-e-type=\"container\" data-settings=\"{&quot;background_background&quot;:&quot;classic&quot;}\">\n\t\t\t\t\t<div class=\"e-con-inner\">\n\t\t<div class=\"elementor-element elementor-element-6c52ab2e e-con-full e-flex e-con e-child\" data-id=\"6c52ab2e\" data-element_type=\"container\" data-e-type=\"container\">\n\t\t\t\t<div class=\"elementor-element elementor-element-9a9ab6f elementor-widget elementor-widget-heading\" data-id=\"9a9ab6f\" data-element_type=\"widget\" data-e-type=\"widget\" data-widget_type=\"heading.default\">\n\t\t\t\t<div class=\"elementor-widget-container\">\n\t\t\t\t\t<h2 class=\"elementor-heading-title elementor-size-default\">\u00c0 partir de 10 ans <\/h2>\t\t\t\t<\/div>\n\t\t\t\t<\/div>\n\t\t\t\t<div class=\"elementor-element elementor-element-6462b21b elementor-widget elementor-widget-menu-anchor\" data-id=\"6462b21b\" data-element_type=\"widget\" data-e-type=\"widget\" data-widget_type=\"menu-anchor.default\">\n\t\t\t\t<div class=\"elementor-widget-container\">\n\t\t\t\t\t\t\t<div class=\"elementor-menu-anchor\" id=\"Archery\"><\/div>\n\t\t\t\t\t\t<\/div>\n\t\t\t\t<\/div>\n\t\t\t\t<div class=\"elementor-element elementor-element-e56858f elementor-widget elementor-widget-text-editor\" data-id=\"e56858f\" data-element_type=\"widget\" data-e-type=\"widget\" data-widget_type=\"text-editor.default\">\n\t\t\t\t<div class=\"elementor-widget-container\">\n\t\t\t\t\t\t\t\t\t<p>Pour jouer au bubble, inutile d\u2019\u00eatre un athl\u00e8te professionnel, la seule qualit\u00e9 est de tenir debout\u2026 moins facile que cela en a l\u2019air.<\/p><p>Dans des bulles en plastique remplies d\u2019air, qui vous emp\u00eache de bouger correctement votre mission sera de faire tomber vos adversaires.<\/p><p>Activit\u00e9 ludique qui promet quelques cascades et fous rires !!<\/p><p>Plusieurs jeux sont \u00e0 votre disposition :<\/p><p><b>Bubble foot :<\/b><br \/>L\u2019objectif de chaque \u00e9quipe est de r\u00e9ussir \u00e0 mettre le ballon dans le but adverse tout en r\u00e9sistant aux attaques rebondissantes de l\u2019adversaire.<\/p><p><b>La Battle royal :<\/b><br \/>L\u2019objectif : \u00eatre le dernier debout !! Tous plac\u00e9s au centre du terrain : il n\u2019y a ni \u00e9quipe ni ballon le but est de faire tomber, et ne pas tomber.<\/p><p><b>Le g\u00e9n\u00e9ral :<\/b><br \/>Un joueur est nomm\u00e9 g\u00e9n\u00e9ral dans chaque \u00e9quipe. L\u2019objectif est de prot\u00e9ger son G\u00e9n\u00e9ral et de faire tomber le G\u00e9n\u00e9ral adverse. D\u00e8s que votre G\u00e9n\u00e9ral tombe, vous avez perdu la partie !<\/p><p>Infos pratiques : le bubble se pratique jusqu&rsquo;\u00e0 15 joueurs simultan\u00e9ment. Pr\u00e9voir une tenue confortable et des chaussures de sport. Poids max 110kg.<\/p>\t\t\t\t\t\t\t\t<\/div>\n\t\t\t\t<\/div>\n\t\t\t\t<\/div>\n\t\t<div class=\"elementor-element elementor-element-73602b15 e-con-full e-flex e-con e-child\" data-id=\"73602b15\" data-element_type=\"container\" data-e-type=\"container\">\n\t\t\t\t<div class=\"elementor-element elementor-element-6661284c elementor-widget elementor-widget-image\" data-id=\"6661284c\" data-element_type=\"widget\" data-e-type=\"widget\" data-widget_type=\"image.default\">\n\t\t\t\t<div class=\"elementor-widget-container\">\n\t\t\t\t\t\t\t\t\t\t\t\t\t\t\t<img fetchpriority=\"high\" decoding=\"async\" width=\"750\" height=\"387\" src=\"https:\/\/orelgames.com\/wp-content\/uploads\/2024\/02\/bubbles.jpg\" class=\"attachment-full size-full wp-image-120\" alt=\"bubbles foot\" srcset=\"https:\/\/orelgames.com\/wp-content\/uploads\/2024\/02\/bubbles.jpg.webp 750w, https:\/\/orelgames.com\/wp-content\/uploads\/2024\/02\/bubbles-300x155.jpg.webp 300w\" sizes=\"(max-width: 750px) 100vw, 750px\" \/>\t\t\t\t\t\t\t\t\t\t\t\t\t\t\t<\/div>\n\t\t\t\t<\/div>\n\t\t\t\t<div class=\"elementor-element elementor-element-2bc779fe elementor-widget elementor-widget-image\" data-id=\"2bc779fe\" data-element_type=\"widget\" data-e-type=\"widget\" data-widget_type=\"image.default\">\n\t\t\t\t<div class=\"elementor-widget-container\">\n\t\t\t\t\t\t\t\t\t\t\t\t\t\t\t<img decoding=\"async\" width=\"1920\" height=\"1283\" src=\"https:\/\/orelgames.com\/wp-content\/uploads\/2024\/02\/P1100847.jpg\" class=\"attachment-full size-full wp-image-298\" alt=\"\" srcset=\"https:\/\/orelgames.com\/wp-content\/uploads\/2024\/02\/P1100847.jpg.webp 1920w, https:\/\/orelgames.com\/wp-content\/uploads\/2024\/02\/P1100847-300x200.jpg.webp 300w, https:\/\/orelgames.com\/wp-content\/uploads\/2024\/02\/P1100847-1024x684.jpg.webp 1024w, https:\/\/orelgames.com\/wp-content\/uploads\/2024\/02\/P1100847-768x513.jpg.webp 768w, https:\/\/orelgames.com\/wp-content\/uploads\/2024\/02\/P1100847-1536x1026.jpg.webp 1536w\" sizes=\"(max-width: 1920px) 100vw, 1920px\" \/>\t\t\t\t\t\t\t\t\t\t\t\t\t\t\t<\/div>\n\t\t\t\t<\/div>\n\t\t\t\t<div class=\"elementor-element elementor-element-22c95b17 elementor-align-center elementor-widget elementor-widget-button\" data-id=\"22c95b17\" data-element_type=\"widget\" data-e-type=\"widget\" data-widget_type=\"button.default\">\n\t\t\t\t<div class=\"elementor-widget-container\">\n\t\t\t\t\t\t\t\t\t<div class=\"elementor-button-wrapper\">\n\t\t\t\t\t<a class=\"elementor-button elementor-button-link elementor-size-sm\" href=\"https:\/\/orelgames.com\/index.php\/contact\/\">\n\t\t\t\t\t\t<span class=\"elementor-button-content-wrapper\">\n\t\t\t\t\t\t\t\t\t<span class=\"elementor-button-text\">R\u00e9server<\/span>\n\t\t\t\t\t<\/span>\n\t\t\t\t\t<\/a>\n\t\t\t\t<\/div>\n\t\t\t\t\t\t\t\t<\/div>\n\t\t\t\t<\/div>\n\t\t\t\t<\/div>\n\t\t\t\t\t<\/div>\n\t\t\t\t<\/div>\n\t\t<div class=\"elementor-element elementor-element-28db9e78 elementor-hidden-desktop e-flex e-con-boxed e-con e-parent\" data-id=\"28db9e78\" data-element_type=\"container\" data-e-type=\"container\" data-settings=\"{&quot;background_background&quot;:&quot;classic&quot;}\">\n\t\t\t\t\t<div class=\"e-con-inner\">\n\t\t<div class=\"elementor-element elementor-element-61ae181f e-con-full e-flex e-con e-child\" data-id=\"61ae181f\" data-element_type=\"container\" data-e-type=\"container\">\n\t\t\t\t<div class=\"elementor-element elementor-element-5d3ae2ad elementor-widget elementor-widget-heading\" data-id=\"5d3ae2ad\" data-element_type=\"widget\" data-e-type=\"widget\" data-widget_type=\"heading.default\">\n\t\t\t\t<div class=\"elementor-widget-container\">\n\t\t\t\t\t<h2 class=\"elementor-heading-title elementor-size-default\">\u00c0 partir de 10 ans <\/h2>\t\t\t\t<\/div>\n\t\t\t\t<\/div>\n\t\t\t\t<div class=\"elementor-element elementor-element-51811a8b elementor-widget elementor-widget-menu-anchor\" data-id=\"51811a8b\" data-element_type=\"widget\" data-e-type=\"widget\" data-widget_type=\"menu-anchor.default\">\n\t\t\t\t<div class=\"elementor-widget-container\">\n\t\t\t\t\t\t\t<div class=\"elementor-menu-anchor\" id=\"Archery\"><\/div>\n\t\t\t\t\t\t<\/div>\n\t\t\t\t<\/div>\n\t\t\t\t<div class=\"elementor-element elementor-element-21252790 elementor-widget elementor-widget-text-editor\" data-id=\"21252790\" data-element_type=\"widget\" data-e-type=\"widget\" data-widget_type=\"text-editor.default\">\n\t\t\t\t<div class=\"elementor-widget-container\">\n\t\t\t\t\t\t\t\t\t<p>Pour jouer au bubble, inutile d\u2019\u00eatre un athl\u00e8te professionnel, la seule qualit\u00e9 est de tenir debout\u2026 moins facile que cela en a l\u2019air.<\/p><p>Dans des bulles en plastique remplies d\u2019air, qui vous emp\u00eache de bouger correctement votre mission sera de faire tomber vos adversaires.<\/p><p>Activit\u00e9 ludique qui promet quelques cascades et fous rires !!<\/p><p>Plusieurs jeux sont \u00e0 votre disposition :<\/p><p><b>Bubble foot :<\/b><br \/>L\u2019objectif de chaque \u00e9quipe est de r\u00e9ussir \u00e0 mettre le ballon dans le but adverse tout en r\u00e9sistant aux attaques rebondissantes de l\u2019adversaire.<\/p><p><b>La Battle royal :<\/b><br \/>L\u2019objectif : \u00eatre le dernier debout !! Tous plac\u00e9s au centre du terrain : il n\u2019y a ni \u00e9quipe ni ballon le but est de faire tomber, et ne pas tomber.<\/p><p><b>Le g\u00e9n\u00e9ral :<\/b><br \/>Un joueur est nomm\u00e9 g\u00e9n\u00e9ral dans chaque \u00e9quipe. L\u2019objectif est de prot\u00e9ger son G\u00e9n\u00e9ral et de faire tomber le G\u00e9n\u00e9ral adverse. D\u00e8s que votre G\u00e9n\u00e9ral tombe, vous avez perdu la partie !<\/p><p>Infos pratiques : le bubble se pratique jusqu&rsquo;\u00e0 15 joueurs simultan\u00e9ment. Pr\u00e9voir une tenue confortable et des chaussures de sport. Poids max 110kg.<\/p>\t\t\t\t\t\t\t\t<\/div>\n\t\t\t\t<\/div>\n\t\t\t\t<\/div>\n\t\t<div class=\"elementor-element elementor-element-4276f7f1 e-con-full e-flex e-con e-child\" data-id=\"4276f7f1\" data-element_type=\"container\" data-e-type=\"container\">\n\t\t\t\t<div class=\"elementor-element elementor-element-e28ae elementor-widget elementor-widget-image\" data-id=\"e28ae\" data-element_type=\"widget\" data-e-type=\"widget\" data-widget_type=\"image.default\">\n\t\t\t\t<div class=\"elementor-widget-container\">\n\t\t\t\t\t\t\t\t\t\t\t\t\t\t\t<img fetchpriority=\"high\" decoding=\"async\" width=\"750\" height=\"387\" src=\"https:\/\/orelgames.com\/wp-content\/uploads\/2024\/02\/bubbles.jpg\" class=\"attachment-full size-full wp-image-120\" alt=\"bubbles foot\" srcset=\"https:\/\/orelgames.com\/wp-content\/uploads\/2024\/02\/bubbles.jpg.webp 750w, https:\/\/orelgames.com\/wp-content\/uploads\/2024\/02\/bubbles-300x155.jpg.webp 300w\" sizes=\"(max-width: 750px) 100vw, 750px\" \/>\t\t\t\t\t\t\t\t\t\t\t\t\t\t\t<\/div>\n\t\t\t\t<\/div>\n\t\t\t\t<div class=\"elementor-element elementor-element-5543af38 elementor-widget elementor-widget-spacer\" data-id=\"5543af38\" data-element_type=\"widget\" data-e-type=\"widget\" data-widget_type=\"spacer.default\">\n\t\t\t\t<div class=\"elementor-widget-container\">\n\t\t\t\t\t\t\t<div class=\"elementor-spacer\">\n\t\t\t<div class=\"elementor-spacer-inner\"><\/div>\n\t\t<\/div>\n\t\t\t\t\t\t<\/div>\n\t\t\t\t<\/div>\n\t\t\t\t<div class=\"elementor-element elementor-element-1225563d elementor-widget elementor-widget-image\" data-id=\"1225563d\" data-element_type=\"widget\" data-e-type=\"widget\" data-widget_type=\"image.default\">\n\t\t\t\t<div class=\"elementor-widget-container\">\n\t\t\t\t\t\t\t\t\t\t\t\t\t\t\t<img decoding=\"async\" width=\"1920\" height=\"1283\" src=\"https:\/\/orelgames.com\/wp-content\/uploads\/2024\/02\/P1100847.jpg\" class=\"attachment-full size-full wp-image-298\" alt=\"\" srcset=\"https:\/\/orelgames.com\/wp-content\/uploads\/2024\/02\/P1100847.jpg.webp 1920w, https:\/\/orelgames.com\/wp-content\/uploads\/2024\/02\/P1100847-300x200.jpg.webp 300w, https:\/\/orelgames.com\/wp-content\/uploads\/2024\/02\/P1100847-1024x684.jpg.webp 1024w, https:\/\/orelgames.com\/wp-content\/uploads\/2024\/02\/P1100847-768x513.jpg.webp 768w, https:\/\/orelgames.com\/wp-content\/uploads\/2024\/02\/P1100847-1536x1026.jpg.webp 1536w\" sizes=\"(max-width: 1920px) 100vw, 1920px\" \/>\t\t\t\t\t\t\t\t\t\t\t\t\t\t\t<\/div>\n\t\t\t\t<\/div>\n\t\t\t\t<div class=\"elementor-element elementor-element-274ac323 elementor-widget elementor-widget-spacer\" data-id=\"274ac323\" data-element_type=\"widget\" data-e-type=\"widget\" data-widget_type=\"spacer.default\">\n\t\t\t\t<div class=\"elementor-widget-container\">\n\t\t\t\t\t\t\t<div class=\"elementor-spacer\">\n\t\t\t<div class=\"elementor-spacer-inner\"><\/div>\n\t\t<\/div>\n\t\t\t\t\t\t<\/div>\n\t\t\t\t<\/div>\n\t\t\t\t<div class=\"elementor-element elementor-element-30eeb02f elementor-align-center elementor-widget elementor-widget-button\" data-id=\"30eeb02f\" data-element_type=\"widget\" data-e-type=\"widget\" data-widget_type=\"button.default\">\n\t\t\t\t<div class=\"elementor-widget-container\">\n\t\t\t\t\t\t\t\t\t<div class=\"elementor-button-wrapper\">\n\t\t\t\t\t<a class=\"elementor-button elementor-button-link elementor-size-sm\" href=\"https:\/\/orelgames.com\/index.php\/contact\/\">\n\t\t\t\t\t\t<span class=\"elementor-button-content-wrapper\">\n\t\t\t\t\t\t\t\t\t<span class=\"elementor-button-text\">R\u00e9server<\/span>\n\t\t\t\t\t<\/span>\n\t\t\t\t\t<\/a>\n\t\t\t\t<\/div>\n\t\t\t\t\t\t\t\t<\/div>\n\t\t\t\t<\/div>\n\t\t\t\t<\/div>\n\t\t\t\t\t<\/div>\n\t\t\t\t<\/div>\n\t\t\t\t<\/div>\n\t\t","protected":false},"excerpt":{"rendered":"<p>Bubbles \u00a0 Bubbles \u00a0 \u00c0 partir de 10 ans Pour jouer au bubble, inutile d\u2019\u00eatre un athl\u00e8te professionnel, la seule qualit\u00e9 est de tenir debout\u2026 moins facile que cela en a l\u2019air. Dans des bulles en plastique remplies d\u2019air, qui vous emp\u00eache de bouger correctement votre mission sera de faire tomber vos adversaires. Activit\u00e9 ludique [&hellip;]<\/p>\n","protected":false},"author":1,"featured_media":0,"parent":0,"menu_order":0,"comment_status":"closed","ping_status":"closed","template":"","meta":{"footnotes":""},"class_list":["post-484","page","type-page","status-publish","hentry"],"aioseo_notices":[],"_links":{"self":[{"href":"https:\/\/orelgames.com\/index.php\/wp-json\/wp\/v2\/pages\/484","targetHints":{"allow":["GET"]}}],"collection":[{"href":"https:\/\/orelgames.com\/index.php\/wp-json\/wp\/v2\/pages"}],"about":[{"href":"https:\/\/orelgames.com\/index.php\/wp-json\/wp\/v2\/types\/page"}],"author":[{"embeddable":true,"href":"https:\/\/orelgames.com\/index.php\/wp-json\/wp\/v2\/users\/1"}],"replies":[{"embeddable":true,"href":"https:\/\/orelgames.com\/index.php\/wp-json\/wp\/v2\/comments?post=484"}],"version-history":[{"count":0,"href":"https:\/\/orelgames.com\/index.php\/wp-json\/wp\/v2\/pages\/484\/revisions"}],"wp:attachment":[{"href":"https:\/\/orelgames.com\/index.php\/wp-json\/wp\/v2\/media?parent=484"}],"curies":[{"name":"wp","href":"https:\/\/api.w.org\/{rel}","templated":true}]}}