{"id":486,"date":"2024-02-02T17:48:13","date_gmt":"2024-02-02T17:48:13","guid":{"rendered":"https:\/\/orelgames.com\/?page_id=486"},"modified":"2024-02-15T17:21:07","modified_gmt":"2024-02-15T17:21:07","slug":"bumball","status":"publish","type":"page","link":"https:\/\/orelgames.com\/index.php\/bumball\/","title":{"rendered":"Bumball"},"content":{"rendered":"\t\t<div data-elementor-type=\"wp-page\" data-elementor-id=\"486\" class=\"elementor elementor-486\" data-elementor-post-type=\"page\">\n\t\t\t\t<div data-gcursor=\"{&quot;cursorType&quot;:&quot;icon&quot;,&quot;cssSelector&quot;:&quot;&quot;,&quot;delay&quot;:0.01,&quot;pulse&quot;:&quot;&quot;,&quot;buzz&quot;:&quot;&quot;,&quot;cursorDot&quot;:&quot;&quot;,&quot;magnet&quot;:false,&quot;glass&quot;:&quot;none&quot;,&quot;elementSettings&quot;:{&quot;value&quot;:&quot;&quot;,&quot;library&quot;:&quot;&quot;}}\" data-pa_mobile_disabled=\"\" class=\"elementor-element elementor-element-7da2bb79 premium-gCursor-yes elementor-hidden-tablet elementor-hidden-mobile e-con-full e-flex e-con e-parent\" data-id=\"7da2bb79\" data-element_type=\"container\" data-e-type=\"container\" data-settings=\"{&quot;background_background&quot;:&quot;classic&quot;,&quot;premium_global_cursor_switcher&quot;:&quot;yes&quot;,&quot;pa_cursor_icon&quot;:{&quot;value&quot;:&quot;&quot;,&quot;library&quot;:&quot;&quot;},&quot;pa_cursor_type&quot;:&quot;icon&quot;,&quot;cursor_lq_effect&quot;:&quot;none&quot;}\">\n\t\t<div class=\"elementor-element elementor-element-6c3a8945 e-con-full e-flex elementor-invisible e-con e-child\" data-id=\"6c3a8945\" data-element_type=\"container\" data-e-type=\"container\" data-settings=\"{&quot;animation&quot;:&quot;slideInLeft&quot;}\">\n\t\t\t\t<div class=\"elementor-element elementor-element-79e80e60 premium-floating-effects-yes elementor-widget elementor-widget-heading\" data-id=\"79e80e60\" data-element_type=\"widget\" data-e-type=\"widget\" data-settings=\"{&quot;premium_fe_translate_switcher&quot;:&quot;yes&quot;,&quot;premium_fe_Ytranslate&quot;:{&quot;unit&quot;:&quot;px&quot;,&quot;size&quot;:&quot;&quot;,&quot;sizes&quot;:{&quot;from&quot;:0,&quot;to&quot;:31}},&quot;premium_fe_trans_duration&quot;:{&quot;unit&quot;:&quot;px&quot;,&quot;size&quot;:400,&quot;sizes&quot;:[]},&quot;premium_fe_trigger&quot;:&quot;load&quot;,&quot;premium_fe_Xtranslate&quot;:{&quot;unit&quot;:&quot;px&quot;,&quot;size&quot;:&quot;&quot;,&quot;sizes&quot;:{&quot;from&quot;:0,&quot;to&quot;:5}},&quot;premium_fe_trans_delay&quot;:{&quot;unit&quot;:&quot;px&quot;,&quot;size&quot;:&quot;&quot;,&quot;sizes&quot;:[]},&quot;premium_fe_direction&quot;:&quot;alternate&quot;,&quot;premium_fe_loop&quot;:&quot;default&quot;,&quot;premium_fe_easing&quot;:&quot;easeInOutSine&quot;}\" data-widget_type=\"heading.default\">\n\t\t\t\t<div class=\"elementor-widget-container\">\n\t\t\t\t\t<h1 class=\"elementor-heading-title elementor-size-default\">Bumball<\/h1>\t\t\t\t<\/div>\n\t\t\t\t<\/div>\n\t\t\t\t<div class=\"elementor-element elementor-element-77752a77 elementor-widget elementor-widget-spacer\" data-id=\"77752a77\" data-element_type=\"widget\" data-e-type=\"widget\" data-widget_type=\"spacer.default\">\n\t\t\t\t<div class=\"elementor-widget-container\">\n\t\t\t\t\t\t\t<div class=\"elementor-spacer\">\n\t\t\t<div class=\"elementor-spacer-inner\"><\/div>\n\t\t<\/div>\n\t\t\t\t\t\t<\/div>\n\t\t\t\t<\/div>\n\t\t\t\t<div class=\"elementor-element elementor-element-4519bff2 premium-floating-effects-yes elementor-view-default elementor-widget elementor-widget-icon\" data-id=\"4519bff2\" data-element_type=\"widget\" data-e-type=\"widget\" data-settings=\"{&quot;premium_fe_translate_switcher&quot;:&quot;yes&quot;,&quot;premium_fe_Ytranslate&quot;:{&quot;unit&quot;:&quot;px&quot;,&quot;size&quot;:&quot;&quot;,&quot;sizes&quot;:{&quot;from&quot;:0,&quot;to&quot;:31}},&quot;premium_fe_trans_duration&quot;:{&quot;unit&quot;:&quot;px&quot;,&quot;size&quot;:400,&quot;sizes&quot;:[]},&quot;premium_fe_trigger&quot;:&quot;load&quot;,&quot;premium_fe_Xtranslate&quot;:{&quot;unit&quot;:&quot;px&quot;,&quot;size&quot;:&quot;&quot;,&quot;sizes&quot;:{&quot;from&quot;:0,&quot;to&quot;:5}},&quot;premium_fe_trans_delay&quot;:{&quot;unit&quot;:&quot;px&quot;,&quot;size&quot;:&quot;&quot;,&quot;sizes&quot;:[]},&quot;premium_fe_direction&quot;:&quot;alternate&quot;,&quot;premium_fe_loop&quot;:&quot;default&quot;,&quot;premium_fe_easing&quot;:&quot;easeInOutSine&quot;}\" data-widget_type=\"icon.default\">\n\t\t\t\t<div class=\"elementor-widget-container\">\n\t\t\t\t\t\t\t<div class=\"elementor-icon-wrapper\">\n\t\t\t<a class=\"elementor-icon\" href=\"#Archery\">\n\t\t\t<svg aria-hidden=\"true\" class=\"e-font-icon-svg e-fas-arrow-circle-down\" viewBox=\"0 0 512 512\" xmlns=\"http:\/\/www.w3.org\/2000\/svg\"><path d=\"M504 256c0 137-111 248-248 248S8 393 8 256 119 8 256 8s248 111 248 248zm-143.6-28.9L288 302.6V120c0-13.3-10.7-24-24-24h-16c-13.3 0-24 10.7-24 24v182.6l-72.4-75.5c-9.3-9.7-24.8-9.9-34.3-.4l-10.9 11c-9.4 9.4-9.4 24.6 0 33.9L239 404.3c9.4 9.4 24.6 9.4 33.9 0l132.7-132.7c9.4-9.4 9.4-24.6 0-33.9l-10.9-11c-9.5-9.5-25-9.3-34.3.4z\"><\/path><\/svg>\t\t\t<\/a>\n\t\t<\/div>\n\t\t\t\t\t\t<\/div>\n\t\t\t\t<\/div>\n\t\t\t\t<\/div>\n\t\t\t\t<\/div>\n\t\t<div data-gcursor=\"{&quot;cursorType&quot;:&quot;icon&quot;,&quot;cssSelector&quot;:&quot;&quot;,&quot;delay&quot;:0.01,&quot;pulse&quot;:&quot;&quot;,&quot;buzz&quot;:&quot;&quot;,&quot;cursorDot&quot;:&quot;&quot;,&quot;magnet&quot;:false,&quot;glass&quot;:&quot;none&quot;,&quot;elementSettings&quot;:{&quot;value&quot;:&quot;&quot;,&quot;library&quot;:&quot;&quot;}}\" data-pa_mobile_disabled=\"\" class=\"elementor-element elementor-element-7bb67bb2 premium-gCursor-yes e-con-full elementor-hidden-desktop e-flex e-con e-parent\" data-id=\"7bb67bb2\" data-element_type=\"container\" data-e-type=\"container\" data-settings=\"{&quot;background_background&quot;:&quot;classic&quot;,&quot;premium_global_cursor_switcher&quot;:&quot;yes&quot;,&quot;pa_cursor_icon&quot;:{&quot;value&quot;:&quot;&quot;,&quot;library&quot;:&quot;&quot;},&quot;pa_cursor_type&quot;:&quot;icon&quot;,&quot;cursor_lq_effect&quot;:&quot;none&quot;}\">\n\t\t<div class=\"elementor-element elementor-element-28cd6c04 e-con-full e-flex elementor-invisible e-con e-child\" data-id=\"28cd6c04\" data-element_type=\"container\" data-e-type=\"container\" data-settings=\"{&quot;animation&quot;:&quot;slideInLeft&quot;}\">\n\t\t\t\t<div class=\"elementor-element elementor-element-39a83f2a premium-floating-effects-yes elementor-widget elementor-widget-heading\" data-id=\"39a83f2a\" data-element_type=\"widget\" data-e-type=\"widget\" data-settings=\"{&quot;premium_fe_translate_switcher&quot;:&quot;yes&quot;,&quot;premium_fe_Ytranslate&quot;:{&quot;unit&quot;:&quot;px&quot;,&quot;size&quot;:&quot;&quot;,&quot;sizes&quot;:{&quot;from&quot;:0,&quot;to&quot;:31}},&quot;premium_fe_trans_duration&quot;:{&quot;unit&quot;:&quot;px&quot;,&quot;size&quot;:400,&quot;sizes&quot;:[]},&quot;premium_fe_trigger&quot;:&quot;load&quot;,&quot;premium_fe_Xtranslate&quot;:{&quot;unit&quot;:&quot;px&quot;,&quot;size&quot;:&quot;&quot;,&quot;sizes&quot;:{&quot;from&quot;:0,&quot;to&quot;:5}},&quot;premium_fe_trans_delay&quot;:{&quot;unit&quot;:&quot;px&quot;,&quot;size&quot;:&quot;&quot;,&quot;sizes&quot;:[]},&quot;premium_fe_direction&quot;:&quot;alternate&quot;,&quot;premium_fe_loop&quot;:&quot;default&quot;,&quot;premium_fe_easing&quot;:&quot;easeInOutSine&quot;}\" data-widget_type=\"heading.default\">\n\t\t\t\t<div class=\"elementor-widget-container\">\n\t\t\t\t\t<h1 class=\"elementor-heading-title elementor-size-default\">Bumball<\/h1>\t\t\t\t<\/div>\n\t\t\t\t<\/div>\n\t\t\t\t<div class=\"elementor-element elementor-element-1d5431fc elementor-widget elementor-widget-spacer\" data-id=\"1d5431fc\" data-element_type=\"widget\" data-e-type=\"widget\" data-widget_type=\"spacer.default\">\n\t\t\t\t<div class=\"elementor-widget-container\">\n\t\t\t\t\t\t\t<div class=\"elementor-spacer\">\n\t\t\t<div class=\"elementor-spacer-inner\"><\/div>\n\t\t<\/div>\n\t\t\t\t\t\t<\/div>\n\t\t\t\t<\/div>\n\t\t\t\t<div class=\"elementor-element elementor-element-47bd8bcf premium-floating-effects-yes elementor-view-default elementor-widget elementor-widget-icon\" data-id=\"47bd8bcf\" data-element_type=\"widget\" data-e-type=\"widget\" data-settings=\"{&quot;premium_fe_translate_switcher&quot;:&quot;yes&quot;,&quot;premium_fe_Ytranslate&quot;:{&quot;unit&quot;:&quot;px&quot;,&quot;size&quot;:&quot;&quot;,&quot;sizes&quot;:{&quot;from&quot;:0,&quot;to&quot;:31}},&quot;premium_fe_trans_duration&quot;:{&quot;unit&quot;:&quot;px&quot;,&quot;size&quot;:400,&quot;sizes&quot;:[]},&quot;premium_fe_trigger&quot;:&quot;load&quot;,&quot;premium_fe_Xtranslate&quot;:{&quot;unit&quot;:&quot;px&quot;,&quot;size&quot;:&quot;&quot;,&quot;sizes&quot;:{&quot;from&quot;:0,&quot;to&quot;:5}},&quot;premium_fe_trans_delay&quot;:{&quot;unit&quot;:&quot;px&quot;,&quot;size&quot;:&quot;&quot;,&quot;sizes&quot;:[]},&quot;premium_fe_direction&quot;:&quot;alternate&quot;,&quot;premium_fe_loop&quot;:&quot;default&quot;,&quot;premium_fe_easing&quot;:&quot;easeInOutSine&quot;}\" data-widget_type=\"icon.default\">\n\t\t\t\t<div class=\"elementor-widget-container\">\n\t\t\t\t\t\t\t<div class=\"elementor-icon-wrapper\">\n\t\t\t<a class=\"elementor-icon\" href=\"#Archery\">\n\t\t\t<svg aria-hidden=\"true\" class=\"e-font-icon-svg e-fas-arrow-circle-down\" viewBox=\"0 0 512 512\" xmlns=\"http:\/\/www.w3.org\/2000\/svg\"><path d=\"M504 256c0 137-111 248-248 248S8 393 8 256 119 8 256 8s248 111 248 248zm-143.6-28.9L288 302.6V120c0-13.3-10.7-24-24-24h-16c-13.3 0-24 10.7-24 24v182.6l-72.4-75.5c-9.3-9.7-24.8-9.9-34.3-.4l-10.9 11c-9.4 9.4-9.4 24.6 0 33.9L239 404.3c9.4 9.4 24.6 9.4 33.9 0l132.7-132.7c9.4-9.4 9.4-24.6 0-33.9l-10.9-11c-9.5-9.5-25-9.3-34.3.4z\"><\/path><\/svg>\t\t\t<\/a>\n\t\t<\/div>\n\t\t\t\t\t\t<\/div>\n\t\t\t\t<\/div>\n\t\t\t\t<\/div>\n\t\t\t\t<\/div>\n\t\t<div class=\"elementor-element elementor-element-7164baa7 elementor-hidden-tablet elementor-hidden-mobile e-flex e-con-boxed e-con e-parent\" data-id=\"7164baa7\" data-element_type=\"container\" data-e-type=\"container\" data-settings=\"{&quot;background_background&quot;:&quot;classic&quot;}\">\n\t\t\t\t\t<div class=\"e-con-inner\">\n\t\t<div class=\"elementor-element elementor-element-1488aba e-con-full e-flex e-con e-child\" data-id=\"1488aba\" data-element_type=\"container\" data-e-type=\"container\">\n\t\t\t\t<div class=\"elementor-element elementor-element-ac86d51 elementor-widget elementor-widget-heading\" data-id=\"ac86d51\" data-element_type=\"widget\" data-e-type=\"widget\" data-widget_type=\"heading.default\">\n\t\t\t\t<div class=\"elementor-widget-container\">\n\t\t\t\t\t<h2 class=\"elementor-heading-title elementor-size-default\">\u00c0 partir de 10 ans <\/h2>\t\t\t\t<\/div>\n\t\t\t\t<\/div>\n\t\t\t\t<div class=\"elementor-element elementor-element-68ef36dc elementor-widget elementor-widget-menu-anchor\" data-id=\"68ef36dc\" data-element_type=\"widget\" data-e-type=\"widget\" data-widget_type=\"menu-anchor.default\">\n\t\t\t\t<div class=\"elementor-widget-container\">\n\t\t\t\t\t\t\t<div class=\"elementor-menu-anchor\" id=\"Archery\"><\/div>\n\t\t\t\t\t\t<\/div>\n\t\t\t\t<\/div>\n\t\t\t\t<div class=\"elementor-element elementor-element-729bb824 elementor-widget elementor-widget-text-editor\" data-id=\"729bb824\" data-element_type=\"widget\" data-e-type=\"widget\" data-widget_type=\"text-editor.default\">\n\t\t\t\t<div class=\"elementor-widget-container\">\n\t\t\t\t\t\t\t\t\t<p>Le Bumball est une activit\u00e9 d\u00e9riv\u00e9e du handball \u00e0 l\u2019exception que l\u2019usage des mains y est interdit.<\/p><p>Pour pouvoir jouer il faut porter un maillot bien sp\u00e9cial avec des scratchs au niveau de la poitrine et du bas du dos. Ainsi, la r\u00e9ception du ballon se fait uniquement avec la poitrine et les fesses !!! C\u2019est bien l\u00e0 que le bumball devient dr\u00f4le !<\/p><p>Le bumball pla\u00eet beaucoup, car c\u2019est un sport convivial, ludique et facile \u00e0 comprendre.<br \/>Il n\u2019y a pas de r\u00e8gles officielles, mais quelques r\u00e8gles de base<\/p><p><u><i>R\u00e8gles de base<\/i><\/u><\/p><p>\u2022 <i>R\u00e9ceptionner la balle avec la poitrine : <\/i>Lorsqu&rsquo;un joueur attrape la balle avec la poitrine, il l&rsquo;arrache imm\u00e9diatement du velcro et la passe \u00e0 un joueur de son \u00e9quipe. Lors d&rsquo;une r\u00e9ception sur la poitrine, les joueurs peuvent pivoter comme au basket-ball mais ne sont pas autoris\u00e9s \u00e0 marcher ou courir avec la balle<\/p><p>\u2022 <i>R\u00e9ceptionner la balle avec le bas du dos :<\/i><\/p><p>\u2022 Lorsque les joueurs attrapent la balle avec le bas du dos, ils peuvent soit : l&rsquo;arracher et l&rsquo;envoyer vers un co\u00e9quipier soit courir avec la balle sur le dos jusqu&rsquo;\u00e0 ce qu&rsquo;elle puisse \u00eatre prise, par contact direct, par un co\u00e9quipier.<\/p><p>\u2022<i> R\u00e9cup\u00e9rer la balle lorsqu\u2019elle est sur le sol :<\/i><br \/>Lorsque la balle tombe au sol, les joueurs ne peuvent la ramasser qu&rsquo;avec le bas du dos. Lorsqu\u2019un joueur r\u00e9cup\u00e8re une balle au sol, il ne peut que courir vers un de ses co\u00e9quipiers, susceptible de r\u00e9cup\u00e9rer la balle.<\/p><p>\u2022 <i>Marquer un point :<\/i><\/p><p>\u2022 Un joueur marque des points lorsqu\u2019il r\u00e9ceptionne une passe avec en \u00e9tant sur une des zones de but.<\/p><p>Infos pratiques : le bumball se pratique jusqu&rsquo;\u00e0 30 joueurs simultan\u00e9ment (3 tailles de maillots). Pr\u00e9voir une tenue confortable et des chaussures de sport<\/p>\t\t\t\t\t\t\t\t<\/div>\n\t\t\t\t<\/div>\n\t\t\t\t<\/div>\n\t\t<div class=\"elementor-element elementor-element-4ba4dcd0 e-con-full e-flex e-con e-child\" data-id=\"4ba4dcd0\" data-element_type=\"container\" data-e-type=\"container\">\n\t\t\t\t<div class=\"elementor-element elementor-element-53155873 elementor-widget elementor-widget-image\" data-id=\"53155873\" data-element_type=\"widget\" data-e-type=\"widget\" data-widget_type=\"image.default\">\n\t\t\t\t<div class=\"elementor-widget-container\">\n\t\t\t\t\t\t\t\t\t\t\t\t\t\t\t<img fetchpriority=\"high\" decoding=\"async\" width=\"1576\" height=\"2560\" src=\"https:\/\/orelgames.com\/wp-content\/uploads\/2024\/02\/bumball3-scaled-1.jpg\" class=\"attachment-full size-full wp-image-128\" alt=\"bumball activit\u00e9\" srcset=\"https:\/\/orelgames.com\/wp-content\/uploads\/2024\/02\/bumball3-scaled-1.jpg.webp 1576w, https:\/\/orelgames.com\/wp-content\/uploads\/2024\/02\/bumball3-scaled-1-185x300.jpg.webp 185w, https:\/\/orelgames.com\/wp-content\/uploads\/2024\/02\/bumball3-scaled-1-630x1024.jpg.webp 630w, https:\/\/orelgames.com\/wp-content\/uploads\/2024\/02\/bumball3-scaled-1-768x1248.jpg.webp 768w, https:\/\/orelgames.com\/wp-content\/uploads\/2024\/02\/bumball3-scaled-1-946x1536.jpg.webp 946w, https:\/\/orelgames.com\/wp-content\/uploads\/2024\/02\/bumball3-scaled-1-1261x2048.jpg.webp 1261w\" sizes=\"(max-width: 1576px) 100vw, 1576px\" \/>\t\t\t\t\t\t\t\t\t\t\t\t\t\t\t<\/div>\n\t\t\t\t<\/div>\n\t\t\t\t<div class=\"elementor-element elementor-element-2f15201c elementor-widget elementor-widget-image\" data-id=\"2f15201c\" data-element_type=\"widget\" data-e-type=\"widget\" data-widget_type=\"image.default\">\n\t\t\t\t<div class=\"elementor-widget-container\">\n\t\t\t\t\t\t\t\t\t\t\t\t\t\t\t<img decoding=\"async\" width=\"1920\" height=\"1283\" src=\"https:\/\/orelgames.com\/wp-content\/uploads\/2024\/02\/P1100847.jpg\" class=\"attachment-full size-full wp-image-298\" alt=\"\" srcset=\"https:\/\/orelgames.com\/wp-content\/uploads\/2024\/02\/P1100847.jpg.webp 1920w, https:\/\/orelgames.com\/wp-content\/uploads\/2024\/02\/P1100847-300x200.jpg.webp 300w, https:\/\/orelgames.com\/wp-content\/uploads\/2024\/02\/P1100847-1024x684.jpg.webp 1024w, https:\/\/orelgames.com\/wp-content\/uploads\/2024\/02\/P1100847-768x513.jpg.webp 768w, https:\/\/orelgames.com\/wp-content\/uploads\/2024\/02\/P1100847-1536x1026.jpg.webp 1536w\" sizes=\"(max-width: 1920px) 100vw, 1920px\" \/>\t\t\t\t\t\t\t\t\t\t\t\t\t\t\t<\/div>\n\t\t\t\t<\/div>\n\t\t\t\t<div class=\"elementor-element elementor-element-3ffdb53 elementor-align-center elementor-widget elementor-widget-button\" data-id=\"3ffdb53\" data-element_type=\"widget\" data-e-type=\"widget\" data-widget_type=\"button.default\">\n\t\t\t\t<div class=\"elementor-widget-container\">\n\t\t\t\t\t\t\t\t\t<div class=\"elementor-button-wrapper\">\n\t\t\t\t\t<a class=\"elementor-button elementor-button-link elementor-size-sm\" href=\"https:\/\/orelgames.com\/index.php\/contact\/\">\n\t\t\t\t\t\t<span class=\"elementor-button-content-wrapper\">\n\t\t\t\t\t\t\t\t\t<span class=\"elementor-button-text\">R\u00e9server<\/span>\n\t\t\t\t\t<\/span>\n\t\t\t\t\t<\/a>\n\t\t\t\t<\/div>\n\t\t\t\t\t\t\t\t<\/div>\n\t\t\t\t<\/div>\n\t\t\t\t<\/div>\n\t\t\t\t\t<\/div>\n\t\t\t\t<\/div>\n\t\t<div class=\"elementor-element elementor-element-4cc4819c elementor-hidden-desktop e-flex e-con-boxed e-con e-parent\" data-id=\"4cc4819c\" data-element_type=\"container\" data-e-type=\"container\" data-settings=\"{&quot;background_background&quot;:&quot;classic&quot;}\">\n\t\t\t\t\t<div class=\"e-con-inner\">\n\t\t<div class=\"elementor-element elementor-element-6506a5d0 e-con-full e-flex e-con e-child\" data-id=\"6506a5d0\" data-element_type=\"container\" data-e-type=\"container\">\n\t\t\t\t<div class=\"elementor-element elementor-element-64d974be elementor-widget elementor-widget-heading\" data-id=\"64d974be\" data-element_type=\"widget\" data-e-type=\"widget\" data-widget_type=\"heading.default\">\n\t\t\t\t<div class=\"elementor-widget-container\">\n\t\t\t\t\t<h2 class=\"elementor-heading-title elementor-size-default\">\u00c0 partir de 10 ans <\/h2>\t\t\t\t<\/div>\n\t\t\t\t<\/div>\n\t\t\t\t<div class=\"elementor-element elementor-element-525a1f76 elementor-widget elementor-widget-menu-anchor\" data-id=\"525a1f76\" data-element_type=\"widget\" data-e-type=\"widget\" data-widget_type=\"menu-anchor.default\">\n\t\t\t\t<div class=\"elementor-widget-container\">\n\t\t\t\t\t\t\t<div class=\"elementor-menu-anchor\" id=\"Archery\"><\/div>\n\t\t\t\t\t\t<\/div>\n\t\t\t\t<\/div>\n\t\t\t\t<div class=\"elementor-element elementor-element-11a6a444 elementor-widget elementor-widget-text-editor\" data-id=\"11a6a444\" data-element_type=\"widget\" data-e-type=\"widget\" data-widget_type=\"text-editor.default\">\n\t\t\t\t<div class=\"elementor-widget-container\">\n\t\t\t\t\t\t\t\t\t<p>Le Bumball est une activit\u00e9 d\u00e9riv\u00e9e du handball \u00e0 l\u2019exception que l\u2019usage des mains y est interdit.<\/p><p>Pour pouvoir jouer il faut porter un maillot bien sp\u00e9cial avec des scratchs au niveau de la poitrine et du bas du dos. Ainsi, la r\u00e9ception du ballon se fait uniquement avec la poitrine et les fesses !!! C\u2019est bien l\u00e0 que le bumball devient dr\u00f4le !<\/p><p>Le bumball pla\u00eet beaucoup, car c\u2019est un sport convivial, ludique et facile \u00e0 comprendre.<br \/>Il n\u2019y a pas de r\u00e8gles officielles, mais quelques r\u00e8gles de base<\/p><p><u><i>R\u00e8gles de base<\/i><\/u><\/p><p>\u2022 <i>R\u00e9ceptionner la balle avec la poitrine : <\/i>Lorsqu&rsquo;un joueur attrape la balle avec la poitrine, il l&rsquo;arrache imm\u00e9diatement du velcro et la passe \u00e0 un joueur de son \u00e9quipe. Lors d&rsquo;une r\u00e9ception sur la poitrine, les joueurs peuvent pivoter comme au basket-ball mais ne sont pas autoris\u00e9s \u00e0 marcher ou courir avec la balle<\/p><p>\u2022 <i>R\u00e9ceptionner la balle avec le bas du dos :<\/i><\/p><p>\u2022 Lorsque les joueurs attrapent la balle avec le bas du dos, ils peuvent soit : l&rsquo;arracher et l&rsquo;envoyer vers un co\u00e9quipier soit courir avec la balle sur le dos jusqu&rsquo;\u00e0 ce qu&rsquo;elle puisse \u00eatre prise, par contact direct, par un co\u00e9quipier.<\/p><p>\u2022<i> R\u00e9cup\u00e9rer la balle lorsqu\u2019elle est sur le sol :<\/i><br \/>Lorsque la balle tombe au sol, les joueurs ne peuvent la ramasser qu&rsquo;avec le bas du dos. Lorsqu\u2019un joueur r\u00e9cup\u00e8re une balle au sol, il ne peut que courir vers un de ses co\u00e9quipiers, susceptible de r\u00e9cup\u00e9rer la balle.<\/p><p>\u2022 <i>Marquer un point :<\/i><\/p><p>\u2022 Un joueur marque des points lorsqu\u2019il r\u00e9ceptionne une passe avec en \u00e9tant sur une des zones de but.<\/p><p>Infos pratiques : le bumball se pratique jusqu&rsquo;\u00e0 30 joueurs simultan\u00e9ment (3 tailles de maillots). Pr\u00e9voir une tenue confortable et des chaussures de sport<\/p>\t\t\t\t\t\t\t\t<\/div>\n\t\t\t\t<\/div>\n\t\t\t\t<\/div>\n\t\t<div class=\"elementor-element elementor-element-5645df30 e-con-full e-flex e-con e-child\" data-id=\"5645df30\" data-element_type=\"container\" data-e-type=\"container\">\n\t\t\t\t<div class=\"elementor-element elementor-element-425dfd elementor-widget elementor-widget-image\" data-id=\"425dfd\" data-element_type=\"widget\" data-e-type=\"widget\" data-widget_type=\"image.default\">\n\t\t\t\t<div class=\"elementor-widget-container\">\n\t\t\t\t\t\t\t\t\t\t\t\t\t\t\t<img fetchpriority=\"high\" decoding=\"async\" width=\"1576\" height=\"2560\" src=\"https:\/\/orelgames.com\/wp-content\/uploads\/2024\/02\/bumball3-scaled-1.jpg\" class=\"attachment-full size-full wp-image-128\" alt=\"bumball activit\u00e9\" srcset=\"https:\/\/orelgames.com\/wp-content\/uploads\/2024\/02\/bumball3-scaled-1.jpg.webp 1576w, https:\/\/orelgames.com\/wp-content\/uploads\/2024\/02\/bumball3-scaled-1-185x300.jpg.webp 185w, https:\/\/orelgames.com\/wp-content\/uploads\/2024\/02\/bumball3-scaled-1-630x1024.jpg.webp 630w, https:\/\/orelgames.com\/wp-content\/uploads\/2024\/02\/bumball3-scaled-1-768x1248.jpg.webp 768w, https:\/\/orelgames.com\/wp-content\/uploads\/2024\/02\/bumball3-scaled-1-946x1536.jpg.webp 946w, https:\/\/orelgames.com\/wp-content\/uploads\/2024\/02\/bumball3-scaled-1-1261x2048.jpg.webp 1261w\" sizes=\"(max-width: 1576px) 100vw, 1576px\" \/>\t\t\t\t\t\t\t\t\t\t\t\t\t\t\t<\/div>\n\t\t\t\t<\/div>\n\t\t\t\t<div class=\"elementor-element elementor-element-75d873b4 elementor-widget elementor-widget-spacer\" data-id=\"75d873b4\" data-element_type=\"widget\" data-e-type=\"widget\" data-widget_type=\"spacer.default\">\n\t\t\t\t<div class=\"elementor-widget-container\">\n\t\t\t\t\t\t\t<div class=\"elementor-spacer\">\n\t\t\t<div class=\"elementor-spacer-inner\"><\/div>\n\t\t<\/div>\n\t\t\t\t\t\t<\/div>\n\t\t\t\t<\/div>\n\t\t\t\t<div class=\"elementor-element elementor-element-7132ffc7 elementor-widget elementor-widget-image\" data-id=\"7132ffc7\" data-element_type=\"widget\" data-e-type=\"widget\" data-widget_type=\"image.default\">\n\t\t\t\t<div class=\"elementor-widget-container\">\n\t\t\t\t\t\t\t\t\t\t\t\t\t\t\t<img decoding=\"async\" width=\"1920\" height=\"1283\" src=\"https:\/\/orelgames.com\/wp-content\/uploads\/2024\/02\/P1100847.jpg\" class=\"attachment-full size-full wp-image-298\" alt=\"\" srcset=\"https:\/\/orelgames.com\/wp-content\/uploads\/2024\/02\/P1100847.jpg.webp 1920w, https:\/\/orelgames.com\/wp-content\/uploads\/2024\/02\/P1100847-300x200.jpg.webp 300w, https:\/\/orelgames.com\/wp-content\/uploads\/2024\/02\/P1100847-1024x684.jpg.webp 1024w, https:\/\/orelgames.com\/wp-content\/uploads\/2024\/02\/P1100847-768x513.jpg.webp 768w, https:\/\/orelgames.com\/wp-content\/uploads\/2024\/02\/P1100847-1536x1026.jpg.webp 1536w\" sizes=\"(max-width: 1920px) 100vw, 1920px\" \/>\t\t\t\t\t\t\t\t\t\t\t\t\t\t\t<\/div>\n\t\t\t\t<\/div>\n\t\t\t\t<div class=\"elementor-element elementor-element-4747f41c elementor-widget elementor-widget-spacer\" data-id=\"4747f41c\" data-element_type=\"widget\" data-e-type=\"widget\" data-widget_type=\"spacer.default\">\n\t\t\t\t<div class=\"elementor-widget-container\">\n\t\t\t\t\t\t\t<div class=\"elementor-spacer\">\n\t\t\t<div class=\"elementor-spacer-inner\"><\/div>\n\t\t<\/div>\n\t\t\t\t\t\t<\/div>\n\t\t\t\t<\/div>\n\t\t\t\t<div class=\"elementor-element elementor-element-50c87240 elementor-align-center elementor-widget elementor-widget-button\" data-id=\"50c87240\" data-element_type=\"widget\" data-e-type=\"widget\" data-widget_type=\"button.default\">\n\t\t\t\t<div class=\"elementor-widget-container\">\n\t\t\t\t\t\t\t\t\t<div class=\"elementor-button-wrapper\">\n\t\t\t\t\t<a class=\"elementor-button elementor-button-link elementor-size-sm\" href=\"https:\/\/orelgames.com\/index.php\/contact\/\">\n\t\t\t\t\t\t<span class=\"elementor-button-content-wrapper\">\n\t\t\t\t\t\t\t\t\t<span class=\"elementor-button-text\">R\u00e9server<\/span>\n\t\t\t\t\t<\/span>\n\t\t\t\t\t<\/a>\n\t\t\t\t<\/div>\n\t\t\t\t\t\t\t\t<\/div>\n\t\t\t\t<\/div>\n\t\t\t\t<\/div>\n\t\t\t\t\t<\/div>\n\t\t\t\t<\/div>\n\t\t\t\t<\/div>\n\t\t","protected":false},"excerpt":{"rendered":"<p>Bumball \u00a0 Bumball \u00a0 \u00c0 partir de 10 ans Le Bumball est une activit\u00e9 d\u00e9riv\u00e9e du handball \u00e0 l\u2019exception que l\u2019usage des mains y est interdit. Pour pouvoir jouer il faut porter un maillot bien sp\u00e9cial avec des scratchs au niveau de la poitrine et du bas du dos. Ainsi, la r\u00e9ception du ballon se [&hellip;]<\/p>\n","protected":false},"author":1,"featured_media":0,"parent":0,"menu_order":0,"comment_status":"closed","ping_status":"closed","template":"","meta":{"footnotes":""},"class_list":["post-486","page","type-page","status-publish","hentry"],"aioseo_notices":[],"_links":{"self":[{"href":"https:\/\/orelgames.com\/index.php\/wp-json\/wp\/v2\/pages\/486","targetHints":{"allow":["GET"]}}],"collection":[{"href":"https:\/\/orelgames.com\/index.php\/wp-json\/wp\/v2\/pages"}],"about":[{"href":"https:\/\/orelgames.com\/index.php\/wp-json\/wp\/v2\/types\/page"}],"author":[{"embeddable":true,"href":"https:\/\/orelgames.com\/index.php\/wp-json\/wp\/v2\/users\/1"}],"replies":[{"embeddable":true,"href":"https:\/\/orelgames.com\/index.php\/wp-json\/wp\/v2\/comments?post=486"}],"version-history":[{"count":0,"href":"https:\/\/orelgames.com\/index.php\/wp-json\/wp\/v2\/pages\/486\/revisions"}],"wp:attachment":[{"href":"https:\/\/orelgames.com\/index.php\/wp-json\/wp\/v2\/media?parent=486"}],"curies":[{"name":"wp","href":"https:\/\/api.w.org\/{rel}","templated":true}]}}