{"id":494,"date":"2024-02-07T16:41:44","date_gmt":"2024-02-07T16:41:44","guid":{"rendered":"https:\/\/orelgames.com\/?page_id=494"},"modified":"2024-02-15T18:22:55","modified_gmt":"2024-02-15T18:22:55","slug":"paintball-enfant","status":"publish","type":"page","link":"https:\/\/orelgames.com\/index.php\/paintball-enfant\/","title":{"rendered":"Paintball enfant"},"content":{"rendered":"\t\t<div data-elementor-type=\"wp-page\" data-elementor-id=\"494\" class=\"elementor elementor-494\" data-elementor-post-type=\"page\">\n\t\t\t\t<div data-gcursor=\"{&quot;cursorType&quot;:&quot;icon&quot;,&quot;cssSelector&quot;:&quot;&quot;,&quot;delay&quot;:0.01,&quot;pulse&quot;:&quot;&quot;,&quot;buzz&quot;:&quot;&quot;,&quot;cursorDot&quot;:&quot;&quot;,&quot;magnet&quot;:false,&quot;glass&quot;:&quot;none&quot;,&quot;elementSettings&quot;:{&quot;value&quot;:&quot;&quot;,&quot;library&quot;:&quot;&quot;}}\" data-pa_mobile_disabled=\"\" class=\"elementor-element elementor-element-68fc55a5 premium-gCursor-yes elementor-hidden-tablet elementor-hidden-mobile e-con-full e-flex e-con e-parent\" data-id=\"68fc55a5\" data-element_type=\"container\" data-e-type=\"container\" data-settings=\"{&quot;background_background&quot;:&quot;classic&quot;,&quot;premium_global_cursor_switcher&quot;:&quot;yes&quot;,&quot;pa_cursor_icon&quot;:{&quot;value&quot;:&quot;&quot;,&quot;library&quot;:&quot;&quot;},&quot;pa_cursor_type&quot;:&quot;icon&quot;,&quot;cursor_lq_effect&quot;:&quot;none&quot;}\">\n\t\t<div class=\"elementor-element elementor-element-6b324d00 e-con-full e-flex elementor-invisible e-con e-child\" data-id=\"6b324d00\" data-element_type=\"container\" data-e-type=\"container\" data-settings=\"{&quot;animation&quot;:&quot;slideInLeft&quot;}\">\n\t\t\t\t<div class=\"elementor-element elementor-element-79e28e1a premium-floating-effects-yes elementor-widget elementor-widget-heading\" data-id=\"79e28e1a\" data-element_type=\"widget\" data-e-type=\"widget\" data-settings=\"{&quot;premium_fe_translate_switcher&quot;:&quot;yes&quot;,&quot;premium_fe_Ytranslate&quot;:{&quot;unit&quot;:&quot;px&quot;,&quot;size&quot;:&quot;&quot;,&quot;sizes&quot;:{&quot;from&quot;:0,&quot;to&quot;:31}},&quot;premium_fe_trans_duration&quot;:{&quot;unit&quot;:&quot;px&quot;,&quot;size&quot;:400,&quot;sizes&quot;:[]},&quot;premium_fe_trigger&quot;:&quot;load&quot;,&quot;premium_fe_Xtranslate&quot;:{&quot;unit&quot;:&quot;px&quot;,&quot;size&quot;:&quot;&quot;,&quot;sizes&quot;:{&quot;from&quot;:0,&quot;to&quot;:5}},&quot;premium_fe_trans_delay&quot;:{&quot;unit&quot;:&quot;px&quot;,&quot;size&quot;:&quot;&quot;,&quot;sizes&quot;:[]},&quot;premium_fe_direction&quot;:&quot;alternate&quot;,&quot;premium_fe_loop&quot;:&quot;default&quot;,&quot;premium_fe_easing&quot;:&quot;easeInOutSine&quot;}\" data-widget_type=\"heading.default\">\n\t\t\t\t<div class=\"elementor-widget-container\">\n\t\t\t\t\t<h1 class=\"elementor-heading-title elementor-size-default\">Paintball enfant<\/h1>\t\t\t\t<\/div>\n\t\t\t\t<\/div>\n\t\t\t\t<div class=\"elementor-element elementor-element-2c62b79e elementor-widget elementor-widget-spacer\" data-id=\"2c62b79e\" data-element_type=\"widget\" data-e-type=\"widget\" data-widget_type=\"spacer.default\">\n\t\t\t\t<div class=\"elementor-widget-container\">\n\t\t\t\t\t\t\t<div class=\"elementor-spacer\">\n\t\t\t<div class=\"elementor-spacer-inner\"><\/div>\n\t\t<\/div>\n\t\t\t\t\t\t<\/div>\n\t\t\t\t<\/div>\n\t\t\t\t<div class=\"elementor-element elementor-element-683e3035 premium-floating-effects-yes elementor-view-default elementor-widget elementor-widget-icon\" data-id=\"683e3035\" data-element_type=\"widget\" data-e-type=\"widget\" data-settings=\"{&quot;premium_fe_translate_switcher&quot;:&quot;yes&quot;,&quot;premium_fe_Ytranslate&quot;:{&quot;unit&quot;:&quot;px&quot;,&quot;size&quot;:&quot;&quot;,&quot;sizes&quot;:{&quot;from&quot;:0,&quot;to&quot;:31}},&quot;premium_fe_trans_duration&quot;:{&quot;unit&quot;:&quot;px&quot;,&quot;size&quot;:400,&quot;sizes&quot;:[]},&quot;premium_fe_trigger&quot;:&quot;load&quot;,&quot;premium_fe_Xtranslate&quot;:{&quot;unit&quot;:&quot;px&quot;,&quot;size&quot;:&quot;&quot;,&quot;sizes&quot;:{&quot;from&quot;:0,&quot;to&quot;:5}},&quot;premium_fe_trans_delay&quot;:{&quot;unit&quot;:&quot;px&quot;,&quot;size&quot;:&quot;&quot;,&quot;sizes&quot;:[]},&quot;premium_fe_direction&quot;:&quot;alternate&quot;,&quot;premium_fe_loop&quot;:&quot;default&quot;,&quot;premium_fe_easing&quot;:&quot;easeInOutSine&quot;}\" data-widget_type=\"icon.default\">\n\t\t\t\t<div class=\"elementor-widget-container\">\n\t\t\t\t\t\t\t<div class=\"elementor-icon-wrapper\">\n\t\t\t<a class=\"elementor-icon\" href=\"#Archery\">\n\t\t\t<svg aria-hidden=\"true\" class=\"e-font-icon-svg e-fas-arrow-circle-down\" viewBox=\"0 0 512 512\" xmlns=\"http:\/\/www.w3.org\/2000\/svg\"><path d=\"M504 256c0 137-111 248-248 248S8 393 8 256 119 8 256 8s248 111 248 248zm-143.6-28.9L288 302.6V120c0-13.3-10.7-24-24-24h-16c-13.3 0-24 10.7-24 24v182.6l-72.4-75.5c-9.3-9.7-24.8-9.9-34.3-.4l-10.9 11c-9.4 9.4-9.4 24.6 0 33.9L239 404.3c9.4 9.4 24.6 9.4 33.9 0l132.7-132.7c9.4-9.4 9.4-24.6 0-33.9l-10.9-11c-9.5-9.5-25-9.3-34.3.4z\"><\/path><\/svg>\t\t\t<\/a>\n\t\t<\/div>\n\t\t\t\t\t\t<\/div>\n\t\t\t\t<\/div>\n\t\t\t\t<\/div>\n\t\t\t\t<\/div>\n\t\t<div data-gcursor=\"{&quot;cursorType&quot;:&quot;icon&quot;,&quot;cssSelector&quot;:&quot;&quot;,&quot;delay&quot;:0.01,&quot;pulse&quot;:&quot;&quot;,&quot;buzz&quot;:&quot;&quot;,&quot;cursorDot&quot;:&quot;&quot;,&quot;magnet&quot;:false,&quot;glass&quot;:&quot;none&quot;,&quot;elementSettings&quot;:{&quot;value&quot;:&quot;&quot;,&quot;library&quot;:&quot;&quot;}}\" data-pa_mobile_disabled=\"\" class=\"elementor-element elementor-element-4290b73d premium-gCursor-yes e-con-full elementor-hidden-desktop e-flex e-con e-parent\" data-id=\"4290b73d\" data-element_type=\"container\" data-e-type=\"container\" data-settings=\"{&quot;background_background&quot;:&quot;classic&quot;,&quot;premium_global_cursor_switcher&quot;:&quot;yes&quot;,&quot;pa_cursor_icon&quot;:{&quot;value&quot;:&quot;&quot;,&quot;library&quot;:&quot;&quot;},&quot;pa_cursor_type&quot;:&quot;icon&quot;,&quot;cursor_lq_effect&quot;:&quot;none&quot;}\">\n\t\t<div class=\"elementor-element elementor-element-7485058b e-con-full e-flex elementor-invisible e-con e-child\" data-id=\"7485058b\" data-element_type=\"container\" data-e-type=\"container\" data-settings=\"{&quot;animation&quot;:&quot;slideInLeft&quot;}\">\n\t\t\t\t<div class=\"elementor-element elementor-element-1ad803c9 premium-floating-effects-yes elementor-widget elementor-widget-heading\" data-id=\"1ad803c9\" data-element_type=\"widget\" data-e-type=\"widget\" data-settings=\"{&quot;premium_fe_translate_switcher&quot;:&quot;yes&quot;,&quot;premium_fe_Ytranslate&quot;:{&quot;unit&quot;:&quot;px&quot;,&quot;size&quot;:&quot;&quot;,&quot;sizes&quot;:{&quot;from&quot;:0,&quot;to&quot;:31}},&quot;premium_fe_trans_duration&quot;:{&quot;unit&quot;:&quot;px&quot;,&quot;size&quot;:400,&quot;sizes&quot;:[]},&quot;premium_fe_trigger&quot;:&quot;load&quot;,&quot;premium_fe_Xtranslate&quot;:{&quot;unit&quot;:&quot;px&quot;,&quot;size&quot;:&quot;&quot;,&quot;sizes&quot;:{&quot;from&quot;:0,&quot;to&quot;:5}},&quot;premium_fe_trans_delay&quot;:{&quot;unit&quot;:&quot;px&quot;,&quot;size&quot;:&quot;&quot;,&quot;sizes&quot;:[]},&quot;premium_fe_direction&quot;:&quot;alternate&quot;,&quot;premium_fe_loop&quot;:&quot;default&quot;,&quot;premium_fe_easing&quot;:&quot;easeInOutSine&quot;}\" data-widget_type=\"heading.default\">\n\t\t\t\t<div class=\"elementor-widget-container\">\n\t\t\t\t\t<h1 class=\"elementor-heading-title elementor-size-default\">Paintball enfant<\/h1>\t\t\t\t<\/div>\n\t\t\t\t<\/div>\n\t\t\t\t<div class=\"elementor-element elementor-element-6b519ab elementor-widget elementor-widget-spacer\" data-id=\"6b519ab\" data-element_type=\"widget\" data-e-type=\"widget\" data-widget_type=\"spacer.default\">\n\t\t\t\t<div class=\"elementor-widget-container\">\n\t\t\t\t\t\t\t<div class=\"elementor-spacer\">\n\t\t\t<div class=\"elementor-spacer-inner\"><\/div>\n\t\t<\/div>\n\t\t\t\t\t\t<\/div>\n\t\t\t\t<\/div>\n\t\t\t\t<div class=\"elementor-element elementor-element-47900e3f premium-floating-effects-yes elementor-view-default elementor-widget elementor-widget-icon\" data-id=\"47900e3f\" data-element_type=\"widget\" data-e-type=\"widget\" data-settings=\"{&quot;premium_fe_translate_switcher&quot;:&quot;yes&quot;,&quot;premium_fe_Ytranslate&quot;:{&quot;unit&quot;:&quot;px&quot;,&quot;size&quot;:&quot;&quot;,&quot;sizes&quot;:{&quot;from&quot;:0,&quot;to&quot;:31}},&quot;premium_fe_trans_duration&quot;:{&quot;unit&quot;:&quot;px&quot;,&quot;size&quot;:400,&quot;sizes&quot;:[]},&quot;premium_fe_trigger&quot;:&quot;load&quot;,&quot;premium_fe_Xtranslate&quot;:{&quot;unit&quot;:&quot;px&quot;,&quot;size&quot;:&quot;&quot;,&quot;sizes&quot;:{&quot;from&quot;:0,&quot;to&quot;:5}},&quot;premium_fe_trans_delay&quot;:{&quot;unit&quot;:&quot;px&quot;,&quot;size&quot;:&quot;&quot;,&quot;sizes&quot;:[]},&quot;premium_fe_direction&quot;:&quot;alternate&quot;,&quot;premium_fe_loop&quot;:&quot;default&quot;,&quot;premium_fe_easing&quot;:&quot;easeInOutSine&quot;}\" data-widget_type=\"icon.default\">\n\t\t\t\t<div class=\"elementor-widget-container\">\n\t\t\t\t\t\t\t<div class=\"elementor-icon-wrapper\">\n\t\t\t<a class=\"elementor-icon\" href=\"#Archery\">\n\t\t\t<svg aria-hidden=\"true\" class=\"e-font-icon-svg e-fas-arrow-circle-down\" viewBox=\"0 0 512 512\" xmlns=\"http:\/\/www.w3.org\/2000\/svg\"><path d=\"M504 256c0 137-111 248-248 248S8 393 8 256 119 8 256 8s248 111 248 248zm-143.6-28.9L288 302.6V120c0-13.3-10.7-24-24-24h-16c-13.3 0-24 10.7-24 24v182.6l-72.4-75.5c-9.3-9.7-24.8-9.9-34.3-.4l-10.9 11c-9.4 9.4-9.4 24.6 0 33.9L239 404.3c9.4 9.4 24.6 9.4 33.9 0l132.7-132.7c9.4-9.4 9.4-24.6 0-33.9l-10.9-11c-9.5-9.5-25-9.3-34.3.4z\"><\/path><\/svg>\t\t\t<\/a>\n\t\t<\/div>\n\t\t\t\t\t\t<\/div>\n\t\t\t\t<\/div>\n\t\t\t\t<\/div>\n\t\t\t\t<\/div>\n\t\t<div class=\"elementor-element elementor-element-4eb5e518 elementor-hidden-tablet elementor-hidden-mobile e-flex e-con-boxed e-con e-parent\" data-id=\"4eb5e518\" data-element_type=\"container\" data-e-type=\"container\" data-settings=\"{&quot;background_background&quot;:&quot;classic&quot;}\">\n\t\t\t\t\t<div class=\"e-con-inner\">\n\t\t<div class=\"elementor-element elementor-element-5bcab6bd e-con-full e-flex e-con e-child\" data-id=\"5bcab6bd\" data-element_type=\"container\" data-e-type=\"container\">\n\t\t\t\t<div class=\"elementor-element elementor-element-16abcc69 elementor-widget elementor-widget-heading\" data-id=\"16abcc69\" data-element_type=\"widget\" data-e-type=\"widget\" data-widget_type=\"heading.default\">\n\t\t\t\t<div class=\"elementor-widget-container\">\n\t\t\t\t\t<h2 class=\"elementor-heading-title elementor-size-default\">\u00c0 partir de 6 ans <\/h2>\t\t\t\t<\/div>\n\t\t\t\t<\/div>\n\t\t\t\t<div class=\"elementor-element elementor-element-38f667ce elementor-widget elementor-widget-menu-anchor\" data-id=\"38f667ce\" data-element_type=\"widget\" data-e-type=\"widget\" data-widget_type=\"menu-anchor.default\">\n\t\t\t\t<div class=\"elementor-widget-container\">\n\t\t\t\t\t\t\t<div class=\"elementor-menu-anchor\" id=\"Archery\"><\/div>\n\t\t\t\t\t\t<\/div>\n\t\t\t\t<\/div>\n\t\t\t\t<div class=\"elementor-element elementor-element-5cce5b8f elementor-widget elementor-widget-text-editor\" data-id=\"5cce5b8f\" data-element_type=\"widget\" data-e-type=\"widget\" data-widget_type=\"text-editor.default\">\n\t\t\t\t<div class=\"elementor-widget-container\">\n\t\t\t\t\t\t\t\t\t<p>Le paint ball est un jeu collectif o\u00f9 l\u2019on utilise des lanceurs propulsant des billes de peinture biod\u00e9gradables. Ce jeu oppose deux \u00e9quipes diff\u00e9rentes par la couleur de leur casque, avec pour but d\u2019\u00e9liminer son concurrent.<\/p><p>Chaque partie est diff\u00e9rente, plusieurs sc\u00e9narios sont propos\u00e9s par le moniteur. Celui-ci reste sur la zone de jeu avec vous afin d\u2019arbitrer et de faire respecter les r\u00e8gles de s\u00e9curit\u00e9.<\/p><p>Equipement fourni : lanceur, billes, casque, plastron pour les enfants et les femmes, cache cou et gants.<\/p><p>La peinture des billes est enti\u00e8rement biod\u00e9gradable : la coquille en g\u00e9latine renferme une peinture \u00e0 base de colorants alimentaires qui disparait \u00e0 l\u2019eau. Cependant une combinaison jetable est propos\u00e9e \u00e0 la vente au prix de 3,50\u20ac.<\/p><p>Les r\u00e8gles de s\u00e9curit\u00e9 :<\/p><ul><li>Il ne faut pas ramasser les billes par terre (les billes sont sales, ont gonfl\u00e9 et peuvent \u00e9clater dans le loader)<\/li><li>Quand un joueur est touch\u00e9, il l\u00e8ve le bras, met son bouchon de canon, \u00e9teint son lanceur et sort du terrain. Il ne doit pas lever son masque ni le retirer avant d\u2019\u00eatre sorti de la zone de jeu.<\/li><li>Respecter une distance de tir de plus de 7 m\u00e8tres<\/li><\/ul>\t\t\t\t\t\t\t\t<\/div>\n\t\t\t\t<\/div>\n\t\t\t\t<\/div>\n\t\t<div class=\"elementor-element elementor-element-7672185b e-con-full e-flex e-con e-child\" data-id=\"7672185b\" data-element_type=\"container\" data-e-type=\"container\">\n\t\t\t\t<div class=\"elementor-element elementor-element-5a8023ec elementor-widget elementor-widget-image\" data-id=\"5a8023ec\" data-element_type=\"widget\" data-e-type=\"widget\" data-widget_type=\"image.default\">\n\t\t\t\t<div class=\"elementor-widget-container\">\n\t\t\t\t\t\t\t\t\t\t\t\t\t\t\t<img fetchpriority=\"high\" decoding=\"async\" width=\"1920\" height=\"1283\" src=\"https:\/\/orelgames.com\/wp-content\/uploads\/2024\/02\/P1100937.jpg\" class=\"attachment-full size-full wp-image-312\" alt=\"paintball enfant V\u00e9zeronce\" srcset=\"https:\/\/orelgames.com\/wp-content\/uploads\/2024\/02\/P1100937.jpg.webp 1920w, https:\/\/orelgames.com\/wp-content\/uploads\/2024\/02\/P1100937-300x200.jpg.webp 300w, https:\/\/orelgames.com\/wp-content\/uploads\/2024\/02\/P1100937-1024x684.jpg.webp 1024w, https:\/\/orelgames.com\/wp-content\/uploads\/2024\/02\/P1100937-768x513.jpg.webp 768w, https:\/\/orelgames.com\/wp-content\/uploads\/2024\/02\/P1100937-1536x1026.jpg.webp 1536w\" sizes=\"(max-width: 1920px) 100vw, 1920px\" \/>\t\t\t\t\t\t\t\t\t\t\t\t\t\t\t<\/div>\n\t\t\t\t<\/div>\n\t\t\t\t<div class=\"elementor-element elementor-element-4d4e19c4 elementor-widget elementor-widget-image\" data-id=\"4d4e19c4\" data-element_type=\"widget\" data-e-type=\"widget\" data-widget_type=\"image.default\">\n\t\t\t\t<div class=\"elementor-widget-container\">\n\t\t\t\t\t\t\t\t\t\t\t\t\t\t\t<img decoding=\"async\" width=\"1920\" height=\"1283\" src=\"https:\/\/orelgames.com\/wp-content\/uploads\/2024\/02\/P1100847.jpg\" class=\"attachment-full size-full wp-image-298\" alt=\"\" srcset=\"https:\/\/orelgames.com\/wp-content\/uploads\/2024\/02\/P1100847.jpg.webp 1920w, https:\/\/orelgames.com\/wp-content\/uploads\/2024\/02\/P1100847-300x200.jpg.webp 300w, https:\/\/orelgames.com\/wp-content\/uploads\/2024\/02\/P1100847-1024x684.jpg.webp 1024w, https:\/\/orelgames.com\/wp-content\/uploads\/2024\/02\/P1100847-768x513.jpg.webp 768w, https:\/\/orelgames.com\/wp-content\/uploads\/2024\/02\/P1100847-1536x1026.jpg.webp 1536w\" sizes=\"(max-width: 1920px) 100vw, 1920px\" \/>\t\t\t\t\t\t\t\t\t\t\t\t\t\t\t<\/div>\n\t\t\t\t<\/div>\n\t\t\t\t<div class=\"elementor-element elementor-element-7af20178 elementor-align-center elementor-widget elementor-widget-button\" data-id=\"7af20178\" data-element_type=\"widget\" data-e-type=\"widget\" data-widget_type=\"button.default\">\n\t\t\t\t<div class=\"elementor-widget-container\">\n\t\t\t\t\t\t\t\t\t<div class=\"elementor-button-wrapper\">\n\t\t\t\t\t<a class=\"elementor-button elementor-button-link elementor-size-sm\" href=\"https:\/\/orelgames.com\/index.php\/contact\/\">\n\t\t\t\t\t\t<span class=\"elementor-button-content-wrapper\">\n\t\t\t\t\t\t\t\t\t<span class=\"elementor-button-text\">R\u00e9server<\/span>\n\t\t\t\t\t<\/span>\n\t\t\t\t\t<\/a>\n\t\t\t\t<\/div>\n\t\t\t\t\t\t\t\t<\/div>\n\t\t\t\t<\/div>\n\t\t\t\t<\/div>\n\t\t\t\t\t<\/div>\n\t\t\t\t<\/div>\n\t\t<div class=\"elementor-element elementor-element-11cecbe4 elementor-hidden-desktop e-flex e-con-boxed e-con e-parent\" data-id=\"11cecbe4\" data-element_type=\"container\" data-e-type=\"container\" data-settings=\"{&quot;background_background&quot;:&quot;classic&quot;}\">\n\t\t\t\t\t<div class=\"e-con-inner\">\n\t\t<div class=\"elementor-element elementor-element-c017cd8 e-con-full e-flex e-con e-child\" data-id=\"c017cd8\" data-element_type=\"container\" data-e-type=\"container\">\n\t\t\t\t<div class=\"elementor-element elementor-element-22c305af elementor-widget elementor-widget-heading\" data-id=\"22c305af\" data-element_type=\"widget\" data-e-type=\"widget\" data-widget_type=\"heading.default\">\n\t\t\t\t<div class=\"elementor-widget-container\">\n\t\t\t\t\t<h2 class=\"elementor-heading-title elementor-size-default\">\u00c0 partir de 6 ans <\/h2>\t\t\t\t<\/div>\n\t\t\t\t<\/div>\n\t\t\t\t<div class=\"elementor-element elementor-element-e9dbfdb elementor-widget elementor-widget-menu-anchor\" data-id=\"e9dbfdb\" data-element_type=\"widget\" data-e-type=\"widget\" data-widget_type=\"menu-anchor.default\">\n\t\t\t\t<div class=\"elementor-widget-container\">\n\t\t\t\t\t\t\t<div class=\"elementor-menu-anchor\" id=\"Archery\"><\/div>\n\t\t\t\t\t\t<\/div>\n\t\t\t\t<\/div>\n\t\t\t\t<div class=\"elementor-element elementor-element-3875bd41 elementor-widget elementor-widget-text-editor\" data-id=\"3875bd41\" data-element_type=\"widget\" data-e-type=\"widget\" data-widget_type=\"text-editor.default\">\n\t\t\t\t<div class=\"elementor-widget-container\">\n\t\t\t\t\t\t\t\t\t<p>Le paint ball est un jeu collectif o\u00f9 l\u2019on utilise des lanceurs propulsant des billes de peinture biod\u00e9gradables. Ce jeu oppose deux \u00e9quipes diff\u00e9rentes par la couleur de leur casque, avec pour but d\u2019\u00e9liminer son concurrent.<\/p><p>Chaque partie est diff\u00e9rente, plusieurs sc\u00e9narios sont propos\u00e9s par le moniteur. Celui-ci reste sur la zone de jeu avec vous afin d\u2019arbitrer et de faire respecter les r\u00e8gles de s\u00e9curit\u00e9.<\/p><p>Equipement fourni : lanceur, billes, casque, plastron pour les enfants et les femmes, cache cou et gants.<\/p><p>La peinture des billes est enti\u00e8rement biod\u00e9gradable : la coquille en g\u00e9latine renferme une peinture \u00e0 base de colorants alimentaires qui disparait \u00e0 l\u2019eau. Cependant une combinaison jetable est propos\u00e9e \u00e0 la vente au prix de 3,50\u20ac.<\/p><p>Les r\u00e8gles de s\u00e9curit\u00e9 :<\/p><ul><li>Il ne faut pas ramasser les billes par terre (les billes sont sales, ont gonfl\u00e9 et peuvent \u00e9clater dans le loader)<\/li><li>Quand un joueur est touch\u00e9, il l\u00e8ve le bras, met son bouchon de canon, \u00e9teint son lanceur et sort du terrain. Il ne doit pas lever son masque ni le retirer avant d\u2019\u00eatre sorti de la zone de jeu.<\/li><li>Respecter une distance de tir de plus de 7 m\u00e8tres<\/li><\/ul>\t\t\t\t\t\t\t\t<\/div>\n\t\t\t\t<\/div>\n\t\t\t\t<\/div>\n\t\t<div class=\"elementor-element elementor-element-71e1a20e e-con-full e-flex e-con e-child\" data-id=\"71e1a20e\" data-element_type=\"container\" data-e-type=\"container\">\n\t\t\t\t<div class=\"elementor-element elementor-element-1c587232 elementor-widget elementor-widget-image\" data-id=\"1c587232\" data-element_type=\"widget\" data-e-type=\"widget\" data-widget_type=\"image.default\">\n\t\t\t\t<div class=\"elementor-widget-container\">\n\t\t\t\t\t\t\t\t\t\t\t\t\t\t\t<img fetchpriority=\"high\" decoding=\"async\" width=\"1920\" height=\"1283\" src=\"https:\/\/orelgames.com\/wp-content\/uploads\/2024\/02\/P1100937.jpg\" class=\"attachment-full size-full wp-image-312\" alt=\"paintball enfant V\u00e9zeronce\" srcset=\"https:\/\/orelgames.com\/wp-content\/uploads\/2024\/02\/P1100937.jpg.webp 1920w, https:\/\/orelgames.com\/wp-content\/uploads\/2024\/02\/P1100937-300x200.jpg.webp 300w, https:\/\/orelgames.com\/wp-content\/uploads\/2024\/02\/P1100937-1024x684.jpg.webp 1024w, https:\/\/orelgames.com\/wp-content\/uploads\/2024\/02\/P1100937-768x513.jpg.webp 768w, https:\/\/orelgames.com\/wp-content\/uploads\/2024\/02\/P1100937-1536x1026.jpg.webp 1536w\" sizes=\"(max-width: 1920px) 100vw, 1920px\" \/>\t\t\t\t\t\t\t\t\t\t\t\t\t\t\t<\/div>\n\t\t\t\t<\/div>\n\t\t\t\t<div class=\"elementor-element elementor-element-63f63004 elementor-widget elementor-widget-spacer\" data-id=\"63f63004\" data-element_type=\"widget\" data-e-type=\"widget\" data-widget_type=\"spacer.default\">\n\t\t\t\t<div class=\"elementor-widget-container\">\n\t\t\t\t\t\t\t<div class=\"elementor-spacer\">\n\t\t\t<div class=\"elementor-spacer-inner\"><\/div>\n\t\t<\/div>\n\t\t\t\t\t\t<\/div>\n\t\t\t\t<\/div>\n\t\t\t\t<div class=\"elementor-element elementor-element-56c57479 elementor-widget elementor-widget-image\" data-id=\"56c57479\" data-element_type=\"widget\" data-e-type=\"widget\" data-widget_type=\"image.default\">\n\t\t\t\t<div class=\"elementor-widget-container\">\n\t\t\t\t\t\t\t\t\t\t\t\t\t\t\t<img decoding=\"async\" width=\"1920\" height=\"1283\" src=\"https:\/\/orelgames.com\/wp-content\/uploads\/2024\/02\/P1100847.jpg\" class=\"attachment-full size-full wp-image-298\" alt=\"\" srcset=\"https:\/\/orelgames.com\/wp-content\/uploads\/2024\/02\/P1100847.jpg.webp 1920w, https:\/\/orelgames.com\/wp-content\/uploads\/2024\/02\/P1100847-300x200.jpg.webp 300w, https:\/\/orelgames.com\/wp-content\/uploads\/2024\/02\/P1100847-1024x684.jpg.webp 1024w, https:\/\/orelgames.com\/wp-content\/uploads\/2024\/02\/P1100847-768x513.jpg.webp 768w, https:\/\/orelgames.com\/wp-content\/uploads\/2024\/02\/P1100847-1536x1026.jpg.webp 1536w\" sizes=\"(max-width: 1920px) 100vw, 1920px\" \/>\t\t\t\t\t\t\t\t\t\t\t\t\t\t\t<\/div>\n\t\t\t\t<\/div>\n\t\t\t\t<div class=\"elementor-element elementor-element-80fa2e7 elementor-widget elementor-widget-spacer\" data-id=\"80fa2e7\" data-element_type=\"widget\" data-e-type=\"widget\" data-widget_type=\"spacer.default\">\n\t\t\t\t<div class=\"elementor-widget-container\">\n\t\t\t\t\t\t\t<div class=\"elementor-spacer\">\n\t\t\t<div class=\"elementor-spacer-inner\"><\/div>\n\t\t<\/div>\n\t\t\t\t\t\t<\/div>\n\t\t\t\t<\/div>\n\t\t\t\t<div class=\"elementor-element elementor-element-1301e6ff elementor-align-center elementor-widget elementor-widget-button\" data-id=\"1301e6ff\" data-element_type=\"widget\" data-e-type=\"widget\" data-widget_type=\"button.default\">\n\t\t\t\t<div class=\"elementor-widget-container\">\n\t\t\t\t\t\t\t\t\t<div class=\"elementor-button-wrapper\">\n\t\t\t\t\t<a class=\"elementor-button elementor-button-link elementor-size-sm\" href=\"https:\/\/orelgames.com\/index.php\/contact\/\">\n\t\t\t\t\t\t<span class=\"elementor-button-content-wrapper\">\n\t\t\t\t\t\t\t\t\t<span class=\"elementor-button-text\">R\u00e9server<\/span>\n\t\t\t\t\t<\/span>\n\t\t\t\t\t<\/a>\n\t\t\t\t<\/div>\n\t\t\t\t\t\t\t\t<\/div>\n\t\t\t\t<\/div>\n\t\t\t\t<\/div>\n\t\t\t\t\t<\/div>\n\t\t\t\t<\/div>\n\t\t\t\t<\/div>\n\t\t","protected":false},"excerpt":{"rendered":"<p>Paintball enfant \u00a0 Paintball enfant \u00a0 \u00c0 partir de 6 ans Le paint ball est un jeu collectif o\u00f9 l\u2019on utilise des lanceurs propulsant des billes de peinture biod\u00e9gradables. Ce jeu oppose deux \u00e9quipes diff\u00e9rentes par la couleur de leur casque, avec pour but d\u2019\u00e9liminer son concurrent. Chaque partie est diff\u00e9rente, plusieurs sc\u00e9narios sont propos\u00e9s [&hellip;]<\/p>\n","protected":false},"author":1,"featured_media":0,"parent":0,"menu_order":0,"comment_status":"closed","ping_status":"closed","template":"","meta":{"footnotes":""},"class_list":["post-494","page","type-page","status-publish","hentry"],"aioseo_notices":[],"_links":{"self":[{"href":"https:\/\/orelgames.com\/index.php\/wp-json\/wp\/v2\/pages\/494","targetHints":{"allow":["GET"]}}],"collection":[{"href":"https:\/\/orelgames.com\/index.php\/wp-json\/wp\/v2\/pages"}],"about":[{"href":"https:\/\/orelgames.com\/index.php\/wp-json\/wp\/v2\/types\/page"}],"author":[{"embeddable":true,"href":"https:\/\/orelgames.com\/index.php\/wp-json\/wp\/v2\/users\/1"}],"replies":[{"embeddable":true,"href":"https:\/\/orelgames.com\/index.php\/wp-json\/wp\/v2\/comments?post=494"}],"version-history":[{"count":0,"href":"https:\/\/orelgames.com\/index.php\/wp-json\/wp\/v2\/pages\/494\/revisions"}],"wp:attachment":[{"href":"https:\/\/orelgames.com\/index.php\/wp-json\/wp\/v2\/media?parent=494"}],"curies":[{"name":"wp","href":"https:\/\/api.w.org\/{rel}","templated":true}]}}